{"id":88452,"date":"2025-11-06T00:57:01","date_gmt":"2025-11-06T05:57:01","guid":{"rendered":"https:\/\/oslrs.com\/?page_id=88452"},"modified":"2025-11-06T01:21:36","modified_gmt":"2025-11-06T06:21:36","slug":"consentement-aux-communications-electroniques","status":"publish","type":"page","link":"https:\/\/oslrs.com\/fr\/consentement-aux-communications-electroniques\/","title":{"rendered":"Consentement aux communications \u00e9lectroniques"},"content":{"rendered":"\n<div class=\"wp-block-getwid-section alignfull alignfull getwid-section-content-custom-width\"><div class=\"wp-block-getwid-section__wrapper getwid-padding-top-large getwid-padding-bottom-large getwid-padding-left-large getwid-padding-right-large\"><div class=\"wp-block-getwid-section__inner-wrapper\" style=\"max-width:1200px\"><div class=\"wp-block-getwid-section__background-holder\"><div class=\"wp-block-getwid-section__background\"><\/div><div class=\"wp-block-getwid-section__foreground\"><\/div><\/div><div class=\"wp-block-getwid-section__content\"><div class=\"wp-block-getwid-section__inner-content\">\n<h1 class=\"wp-block-heading\"><strong>Consentement aux communications \u00e9lectroniques<\/strong><\/h1>\n\n\n\n<ol class=\"wp-block-list is-style-styled\">\n<li><strong>Consentement aux communications \u00e9lectroniques.<\/strong> En soumettant vos coordonn\u00e9es ou votre candidature via ce site web, vous consentez \u00e0 recevoir des communications \u00e9lectroniques de la part d&rsquo;OSL Retail Services (\u00ab OSL \u00bb), y compris des courriels et des messages texte\/SMS, concernant le recrutement, les entretiens, les \u00e9valuations, les offres d&#8217;emploi, l\u2019int\u00e9gration et d\u2019autres mises \u00e0 jour li\u00e9es au processus d\u2019embauche.<\/li>\n\n\n\n<li><strong>Objet et nature des messages.<\/strong> Nos messages \u00e9lectroniques se limitent \u00e0 des communications li\u00e9es au recrutement et \u00e0 l\u2019emploi, et non des communications marketing. Si nous devions envoyer des messages \u00e9lectroniques commerciaux, nous le ferions en conformit\u00e9 avec la Loi canadienne anti-pourriel (LCAP), notamment en obtenant le consentement appropri\u00e9 et en incluant l&rsquo;identification requise de l&rsquo;exp\u00e9diteur ainsi que les m\u00e9canismes de d\u00e9sabonnement.<\/li>\n\n\n\n<li><strong>Conditions relatives aux messagerie texte (SMS)<\/strong>\n<ol class=\"wp-block-list\">\n<li><strong>Fr\u00e9quence :<\/strong> La fr\u00e9quence des messages variera en fonction de votre candidature et du processus de recrutement.<\/li>\n\n\n\n<li><strong>Co\u00fbt:<\/strong> Des frais de messagerie et de donn\u00e9es peuvent s\u2019appliquer. Veuillez v\u00e9rifier votre forfait mobile.<\/li>\n\n\n\n<li><strong>D\u00e9sabonnement:<\/strong> Vous pouvez mettre fin aux SMS \u00e0 tout moment en r\u00e9pondant STOP. Vous pouvez \u00e9galement retirer votre consentement aux communications \u00e9lectroniques en utilisant le lien de d\u00e9sabonnement fourni dans nos courriels ou en nous contactant \u00e0 l&rsquo;adresse courriel ci-dessous. Ce retrait n&rsquo;affectera pas la l\u00e9galit\u00e9 des communications envoy\u00e9es avant son application.<\/li>\n\n\n\n<li><strong>Assistance:<\/strong> Pour obtenir de l&rsquo;aide, r\u00e9pondez HELP (aide) ou contactez-nous \u00e0 l&rsquo;adresse courriel ci-dessous.<\/li>\n<\/ol>\n<\/li>\n\n\n\n<li><strong>Identification de l\u2019exp\u00e9diteur.<\/strong> OSL Retail Services Inc., 5090 Orbitor Drive, Unit 1, Mississauga, Ontario L4W 5B5, info@oslrs.com, (905) 766-4074. Les messages peuvent \u00eatre envoy\u00e9s \u00e0 partir de nos num\u00e9ros de code court ou de code long associ\u00e9s \u00e0 nos plateformes de suivi des candidats ou de messagerie.<\/li>\n\n\n\n<li><strong>Gestion de vos pr\u00e9f\u00e9rences et d\u00e9sabonnement.<\/strong> Chaque courriel identifiera OSL comme l&rsquo;exp\u00e9diteur et inclura un m\u00e9canisme de d\u00e9sabonnement fonctionnel qui peut \u00eatre facilement effectu\u00e9 sans frais pour vous (autres que vos frais habituels d&rsquo;Internet\/de t\u00e9l\u00e9communication). Les demandes de d\u00e9sabonnement seront trait\u00e9es sans d\u00e9lai et, en tout \u00e9tat de cause, dans un d\u00e9lai de 10 jours ouvrables. Pour les SMS, r\u00e9pondez STOP pour vous d\u00e9sabonner.<\/li>\n\n\n\n<li><strong>Prestataires de services tiers.<\/strong> Nous pouvons recourir \u00e0 des prestataires de services tiers (par exemple, des syst\u00e8mes de suivi des candidats ou des plateformes de messagerie) pour l&rsquo;envoi de communications en notre nom. Ces prestataires traitent vos informations personnelles conform\u00e9ment \u00e0 nos instructions et \u00e0 la l\u00e9gislation applicable.<\/li>\n\n\n\n<li><strong>Confidentialit\u00e9.<\/strong> Nous traitons les renseignements personnels conform\u00e9ment \u00e0 notre Politique de confidentialit\u00e9. Cette derni\u00e8re d\u00e9crit les informations que nous recueillons, la mani\u00e8re dont nous les utilisons et les divulguons, les p\u00e9riodes de conservation ainsi que vos choix. Nous vous invitons \u00e0 prendre connaissance de notre Politique de confidentialit\u00e9 avant de soumettre vos informations.<\/li>\n\n\n\n<li><strong>Mises \u00e0 jour.<\/strong> Nous nous r\u00e9servons le droit de modifier la pr\u00e9sente clause de non-responsabilit\u00e9 \u00e0 tout moment. L&rsquo;utilisation continue de notre site Web ou la participation \u00e0 notre processus de recrutement apr\u00e8s une mise \u00e0 jour constitue l&rsquo;acceptation des conditions r\u00e9vis\u00e9es.<\/li>\n<\/ol>\n<\/div><\/div><\/div><\/div><\/div>\n","protected":false},"excerpt":{"rendered":"","protected":false},"author":2,"featured_media":0,"parent":0,"menu_order":0,"comment_status":"closed","ping_status":"closed","template":"","meta":{"inline_featured_image":false,"ghostkit_customizer_options":"","ghostkit_custom_css":"","ghostkit_custom_js_head":"","ghostkit_custom_js_foot":"","ghostkit_typography":"","footnotes":"","_wp_rev_ctl_limit":""},"class_list":["entry","page","publish","author-comdevwsi510","post-88452"],"yoast_head":"<!-- This site is optimized with the Yoast SEO plugin v27.3 - https:\/\/yoast.com\/product\/yoast-seo-wordpress\/ -->\n<title>Consentement aux communications \u00e9lectroniques - OSL RS<\/title>\n<meta name=\"robots\" content=\"index, follow, max-snippet:-1, max-image-preview:large, max-video-preview:-1\" \/>\n<link rel=\"canonical\" href=\"https:\/\/oslrs.com\/fr\/consentement-aux-communications-electroniques\/\" \/>\n<meta property=\"og:locale\" content=\"fr_FR\" \/>\n<meta property=\"og:type\" content=\"article\" \/>\n<meta property=\"og:title\" content=\"Consentement aux communications \u00e9lectroniques - OSL RS\" \/>\n<meta property=\"og:url\" content=\"https:\/\/oslrs.com\/fr\/consentement-aux-communications-electroniques\/\" \/>\n<meta property=\"og:site_name\" content=\"OSL RS\" \/>\n<meta property=\"article:publisher\" content=\"https:\/\/www.facebook.com\/OSLRS\/\" \/>\n<meta property=\"article:modified_time\" content=\"2025-11-06T06:21:36+00:00\" \/>\n<meta name=\"twitter:card\" content=\"summary_large_image\" \/>\n<meta name=\"twitter:site\" content=\"@oslretail\" \/>\n<meta name=\"twitter:label1\" content=\"Dur\u00e9e de lecture estim\u00e9e\" \/>\n\t<meta name=\"twitter:data1\" content=\"3 minutes\" \/>\n<script type=\"application\/ld+json\" class=\"yoast-schema-graph\">{\"@context\":\"https:\\\/\\\/schema.org\",\"@graph\":[{\"@type\":\"WebPage\",\"@id\":\"https:\\\/\\\/oslrs.com\\\/fr\\\/consentement-aux-communications-electroniques\\\/\",\"url\":\"https:\\\/\\\/oslrs.com\\\/fr\\\/consentement-aux-communications-electroniques\\\/\",\"name\":\"Consentement aux communications \u00e9lectroniques - OSL RS\",\"isPartOf\":{\"@id\":\"https:\\\/\\\/oslrs.com\\\/fr\\\/#website\"},\"datePublished\":\"2025-11-06T05:57:01+00:00\",\"dateModified\":\"2025-11-06T06:21:36+00:00\",\"breadcrumb\":{\"@id\":\"https:\\\/\\\/oslrs.com\\\/fr\\\/consentement-aux-communications-electroniques\\\/#breadcrumb\"},\"inLanguage\":\"fr-FR\",\"potentialAction\":[{\"@type\":\"ReadAction\",\"target\":[\"https:\\\/\\\/oslrs.com\\\/fr\\\/consentement-aux-communications-electroniques\\\/\"]}]},{\"@type\":\"BreadcrumbList\",\"@id\":\"https:\\\/\\\/oslrs.com\\\/fr\\\/consentement-aux-communications-electroniques\\\/#breadcrumb\",\"itemListElement\":[{\"@type\":\"ListItem\",\"position\":1,\"name\":\"Home\",\"item\":\"https:\\\/\\\/oslrs.com\\\/fr\\\/\"},{\"@type\":\"ListItem\",\"position\":2,\"name\":\"Consentement aux communications \u00e9lectroniques\"}]},{\"@type\":\"WebSite\",\"@id\":\"https:\\\/\\\/oslrs.com\\\/fr\\\/#website\",\"url\":\"https:\\\/\\\/oslrs.com\\\/fr\\\/\",\"name\":\"OSL RS\",\"description\":\"\",\"publisher\":{\"@id\":\"https:\\\/\\\/oslrs.com\\\/fr\\\/#organization\"},\"potentialAction\":[{\"@type\":\"SearchAction\",\"target\":{\"@type\":\"EntryPoint\",\"urlTemplate\":\"https:\\\/\\\/oslrs.com\\\/fr\\\/?s={search_term_string}\"},\"query-input\":{\"@type\":\"PropertyValueSpecification\",\"valueRequired\":true,\"valueName\":\"search_term_string\"}}],\"inLanguage\":\"fr-FR\"},{\"@type\":\"Organization\",\"@id\":\"https:\\\/\\\/oslrs.com\\\/fr\\\/#organization\",\"name\":\"OSL Retail Services Inc.\",\"url\":\"https:\\\/\\\/oslrs.com\\\/fr\\\/\",\"logo\":{\"@type\":\"ImageObject\",\"inLanguage\":\"fr-FR\",\"@id\":\"https:\\\/\\\/oslrs.com\\\/fr\\\/#\\\/schema\\\/logo\\\/image\\\/\",\"url\":\"https:\\\/\\\/oslrs.com\\\/wp-content\\\/uploads\\\/2021\\\/11\\\/OSL-Logo-fav.jpg\",\"contentUrl\":\"https:\\\/\\\/oslrs.com\\\/wp-content\\\/uploads\\\/2021\\\/11\\\/OSL-Logo-fav.jpg\",\"width\":512,\"height\":512,\"caption\":\"OSL Retail Services Inc.\"},\"image\":{\"@id\":\"https:\\\/\\\/oslrs.com\\\/fr\\\/#\\\/schema\\\/logo\\\/image\\\/\"},\"sameAs\":[\"https:\\\/\\\/www.facebook.com\\\/OSLRS\\\/\",\"https:\\\/\\\/x.com\\\/oslretail\",\"https:\\\/\\\/www.instagram.com\\\/oslrs\\\/\",\"https:\\\/\\\/www.linkedin.com\\\/company\\\/oslrs\\\/\",\"https:\\\/\\\/www.youtube.com\\\/channel\\\/UCZcT_WdO8LhXKKbk9IoyEGw\"]}]}<\/script>\n<!-- \/ Yoast SEO plugin. -->","yoast_head_json":{"title":"Consentement aux communications \u00e9lectroniques - OSL RS","robots":{"index":"index","follow":"follow","max-snippet":"max-snippet:-1","max-image-preview":"max-image-preview:large","max-video-preview":"max-video-preview:-1"},"canonical":"https:\/\/oslrs.com\/fr\/consentement-aux-communications-electroniques\/","og_locale":"fr_FR","og_type":"article","og_title":"Consentement aux communications \u00e9lectroniques - OSL RS","og_url":"https:\/\/oslrs.com\/fr\/consentement-aux-communications-electroniques\/","og_site_name":"OSL RS","article_publisher":"https:\/\/www.facebook.com\/OSLRS\/","article_modified_time":"2025-11-06T06:21:36+00:00","twitter_card":"summary_large_image","twitter_site":"@oslretail","twitter_misc":{"Dur\u00e9e de lecture estim\u00e9e":"3 minutes"},"schema":{"@context":"https:\/\/schema.org","@graph":[{"@type":"WebPage","@id":"https:\/\/oslrs.com\/fr\/consentement-aux-communications-electroniques\/","url":"https:\/\/oslrs.com\/fr\/consentement-aux-communications-electroniques\/","name":"Consentement aux communications \u00e9lectroniques - OSL RS","isPartOf":{"@id":"https:\/\/oslrs.com\/fr\/#website"},"datePublished":"2025-11-06T05:57:01+00:00","dateModified":"2025-11-06T06:21:36+00:00","breadcrumb":{"@id":"https:\/\/oslrs.com\/fr\/consentement-aux-communications-electroniques\/#breadcrumb"},"inLanguage":"fr-FR","potentialAction":[{"@type":"ReadAction","target":["https:\/\/oslrs.com\/fr\/consentement-aux-communications-electroniques\/"]}]},{"@type":"BreadcrumbList","@id":"https:\/\/oslrs.com\/fr\/consentement-aux-communications-electroniques\/#breadcrumb","itemListElement":[{"@type":"ListItem","position":1,"name":"Home","item":"https:\/\/oslrs.com\/fr\/"},{"@type":"ListItem","position":2,"name":"Consentement aux communications \u00e9lectroniques"}]},{"@type":"WebSite","@id":"https:\/\/oslrs.com\/fr\/#website","url":"https:\/\/oslrs.com\/fr\/","name":"OSL RS","description":"","publisher":{"@id":"https:\/\/oslrs.com\/fr\/#organization"},"potentialAction":[{"@type":"SearchAction","target":{"@type":"EntryPoint","urlTemplate":"https:\/\/oslrs.com\/fr\/?s={search_term_string}"},"query-input":{"@type":"PropertyValueSpecification","valueRequired":true,"valueName":"search_term_string"}}],"inLanguage":"fr-FR"},{"@type":"Organization","@id":"https:\/\/oslrs.com\/fr\/#organization","name":"OSL Retail Services Inc.","url":"https:\/\/oslrs.com\/fr\/","logo":{"@type":"ImageObject","inLanguage":"fr-FR","@id":"https:\/\/oslrs.com\/fr\/#\/schema\/logo\/image\/","url":"https:\/\/oslrs.com\/wp-content\/uploads\/2021\/11\/OSL-Logo-fav.jpg","contentUrl":"https:\/\/oslrs.com\/wp-content\/uploads\/2021\/11\/OSL-Logo-fav.jpg","width":512,"height":512,"caption":"OSL Retail Services Inc."},"image":{"@id":"https:\/\/oslrs.com\/fr\/#\/schema\/logo\/image\/"},"sameAs":["https:\/\/www.facebook.com\/OSLRS\/","https:\/\/x.com\/oslretail","https:\/\/www.instagram.com\/oslrs\/","https:\/\/www.linkedin.com\/company\/oslrs\/","https:\/\/www.youtube.com\/channel\/UCZcT_WdO8LhXKKbk9IoyEGw"]}]}},"_links":{"self":[{"href":"https:\/\/oslrs.com\/fr\/wp-json\/wp\/v2\/pages\/88452","targetHints":{"allow":["GET"]}}],"collection":[{"href":"https:\/\/oslrs.com\/fr\/wp-json\/wp\/v2\/pages"}],"about":[{"href":"https:\/\/oslrs.com\/fr\/wp-json\/wp\/v2\/types\/page"}],"author":[{"embeddable":true,"href":"https:\/\/oslrs.com\/fr\/wp-json\/wp\/v2\/users\/2"}],"replies":[{"embeddable":true,"href":"https:\/\/oslrs.com\/fr\/wp-json\/wp\/v2\/comments?post=88452"}],"version-history":[{"count":4,"href":"https:\/\/oslrs.com\/fr\/wp-json\/wp\/v2\/pages\/88452\/revisions"}],"predecessor-version":[{"id":88458,"href":"https:\/\/oslrs.com\/fr\/wp-json\/wp\/v2\/pages\/88452\/revisions\/88458"}],"wp:attachment":[{"href":"https:\/\/oslrs.com\/fr\/wp-json\/wp\/v2\/media?parent=88452"}],"curies":[{"name":"wp","href":"https:\/\/api.w.org\/{rel}","templated":true}]}}