{"id":86810,"date":"2024-01-23T14:41:15","date_gmt":"2024-01-23T19:41:15","guid":{"rendered":"https:\/\/oslrs.com\/?page_id=86810"},"modified":"2024-01-23T14:43:56","modified_gmt":"2024-01-23T19:43:56","slug":"plan-pluriannuel-de-lapho","status":"publish","type":"page","link":"https:\/\/oslrs.com\/fr\/plan-pluriannuel-de-lapho\/","title":{"rendered":"Plan pluriannuel de LAPHO"},"content":{"rendered":"\n<div class=\"wp-block-getwid-section alignfull alignfull getwid-section-content-custom-width\"><div class=\"wp-block-getwid-section__wrapper getwid-padding-top-large getwid-padding-bottom-large getwid-padding-left-large getwid-padding-right-large\"><div class=\"wp-block-getwid-section__inner-wrapper\" style=\"max-width:1200px\"><div class=\"wp-block-getwid-section__background-holder\"><div class=\"wp-block-getwid-section__background\"><\/div><div class=\"wp-block-getwid-section__foreground\"><\/div><\/div><div class=\"wp-block-getwid-section__content\"><div class=\"wp-block-getwid-section__inner-content\">\n<h2 class=\"wp-block-heading\" id=\"plan-pluriannuel-de-lapho\"><strong><strong>PLAN PLURIANNUEL DE LAPHO<\/strong><\/strong><\/h2>\n\n\n\n<p>OSL s&rsquo;efforce de fournir ses services d&rsquo;une mani\u00e8re qui respecte la dignit\u00e9 et l&rsquo;ind\u00e9pendance des personnes en situation de handicap. Nous nous engageons \u00e0 offrir aux personnes handicap\u00e9es les m\u00eames possibilit\u00e9s d&rsquo;acc\u00e9der \u00e0 nos services, dans le m\u00eame lieu et de la m\u00eame mani\u00e8re que les autres employ\u00e9s, clients et partenaires.<\/p>\n\n\n\n<p>Conform\u00e9ment \u00e0 la politique d&rsquo;accessibilit\u00e9 d&rsquo;OSL, nous nous engageons \u00e0 respecter nos obligations en vertu de la Loi sur l&rsquo;accessibilit\u00e9 pour les personnes handicap\u00e9es de l&rsquo;Ontario. Ce plan d&rsquo;accessibilit\u00e9 d\u00e9crit les mesures que nous prenons pour r\u00e9pondre \u00e0 ces obligations et pour am\u00e9liorer les opportunit\u00e9s pour les personnes en situation de handicap.<\/p>\n\n\n\n<p>Selon LAPHO et ses r\u00e8glements, les normes et exigences suivantes en mati\u00e8re d&rsquo;accessibilit\u00e9 s&rsquo;appliquent \u00e0 OSL :<\/p>\n\n\n\n<ul class=\"is-style-styled wp-block-list\">\n<li>Service \u00e0 la client\u00e8le<\/li>\n\n\n\n<li>Information and communications<\/li>\n\n\n\n<li>Emploi<\/li>\n\n\n\n<li>Conception des espaces publics<\/li>\n<\/ul>\n\n\n\n<h3 class=\"wp-block-heading\" id=\"service-a-la-clientele\"><strong>Service \u00e0 la client\u00e8le<\/strong><\/h3>\n\n\n\n<p>OSL communiquera avec les personnes handicap\u00e9es en tenant compte de leur handicap. Conform\u00e9ment \u00e0 la norme de service \u00e0 la client\u00e8le de LAPHO, OSL a :<\/p>\n\n\n\n<ul class=\"is-style-styled wp-block-list\">\n<li>\u00c9tabli une politique d&rsquo;accessibilit\u00e9 visant \u00e0 soutenir les personnes en situation de handicap, qu&rsquo;il s&rsquo;agisse d&#8217;employ\u00e9s, de candidats ou de clients. Nous nous engageons \u00e0 mettre \u00e0 jour notre politique d&rsquo;accessibilit\u00e9 en fonction de toute modification de la l\u00e9gislation sur l&rsquo;accessibilit\u00e9 dans les juridictions o\u00f9 nous exer\u00e7ons nos activit\u00e9s.<\/li>\n\n\n\n<li>\u00c9labor\u00e9 un plan d&rsquo;accessibilit\u00e9 pour nous assurer de r\u00e9pondre aux besoins en mati\u00e8re d&rsquo;accessibilit\u00e9 des personnes en situation de handicap de mani\u00e8re opportune. Nous veillerons \u00e0 ce que le plan d&rsquo;accessibilit\u00e9 soit mis \u00e0 jour annuellement.<\/li>\n\n\n\n<li>Engag\u00e9 \u00e0 servir les clients qui peuvent utiliser des dispositifs d&rsquo;assistance pour obtenir ou b\u00e9n\u00e9ficier de nos produits ou services, ainsi que ceux qui sont accompagn\u00e9s d&rsquo;un animal d&rsquo;assistance ou d&rsquo;une personne de soutien.<\/li>\n<\/ul>\n\n\n\n<p>En 2024, OSL:<\/p>\n\n\n\n<ul class=\"is-style-styled wp-block-list\">\n<li>Mettra en place une formation pour les employ\u00e9s sur les normes de service \u00e0 la client\u00e8le de LAPHO et la l\u00e9gislation sur les droits de l&rsquo;homme.<\/li>\n\n\n\n<li>Mettra en \u0153uvre une formation pour tous les employ\u00e9s qui participent \u00e0 l&rsquo;\u00e9laboration et \u00e0 l&rsquo;approbation des politiques, des pratiques et des proc\u00e9dures.<\/li>\n\n\n\n<li>Mettra \u00e0 jour notre politique d&rsquo;accessibilit\u00e9 actuelle et mettra en \u0153uvre les politiques suppl\u00e9mentaires n\u00e9cessaires.<\/li>\n<\/ul>\n\n\n\n<h3 class=\"wp-block-heading\" id=\"information-et-communications\"><strong>Information et communications<\/strong><\/h3>\n\n\n\n<p>OSL s&rsquo;engage \u00e0 rendre ses informations et ses communications accessibles aux personnes handicap\u00e9es. Sur demande, nous fournirons du mat\u00e9riel d&rsquo;information et de communication dans des formats accessibles ou en utilisant des supports de communication. Nous consulterons les personnes en situation de handicap pour d\u00e9terminer leurs besoins en mati\u00e8re d&rsquo;information et de communication.<\/p>\n\n\n\n<p>Conform\u00e9ment \u00e0 la norme d&rsquo;information et de communication de LAPHO OSL a :<\/p>\n\n\n\n<ul class=\"is-style-styled wp-block-list\">\n<li>Veill\u00e9 \u00e0 ce que son site web soit conforme aux R\u00e8gles d&rsquo;accessibilit\u00e9 des contenus du Consortium de la Toile mondiale (W3C) &#8211; Niveau A.<\/li>\n\n\n\n<li>Rendu nos processus de r\u00e9troaction accessibles sur demande.<\/li>\n\n\n\n<li>Rendu les informations disponibles au public accessibles sur demande.<\/li>\n<\/ul>\n\n\n\n<p>En 2024, OSL:<\/p>\n\n\n\n<ul class=\"is-style-styled wp-block-list\">\n<li>R\u00e9visera de mani\u00e8re proactive tout le contenu publi\u00e9 et veillera \u00e0 ce qu&rsquo;il soit con\u00e7u de mani\u00e8re \u00e0 r\u00e9duire les obstacles \u00e0 l&rsquo;acc\u00e8s pour les personnes qui y acc\u00e8dent.<\/li>\n\n\n\n<li>Pr\u00e9parera une documentation pour rendre les informations d&rsquo;urgence et de s\u00e9curit\u00e9 publiques accessibles sur demande.<\/li>\n<\/ul>\n\n\n\n<h3 class=\"wp-block-heading\" id=\"emploi\"><strong>Emploi<\/strong><\/h3>\n\n\n\n<p>OSL s&rsquo;engage \u00e0 favoriser un environnement de travail inclusif o\u00f9 tous les candidats et employ\u00e9s se sentent bienvenus, accept\u00e9s et valoris\u00e9s. Nous nous effor\u00e7ons de cr\u00e9er une atmosph\u00e8re exempte de barri\u00e8res pour promouvoir la diversit\u00e9, l&rsquo;\u00e9quit\u00e9 et l&rsquo;inclusion, et d&rsquo;encourager l&rsquo;\u00e9galit\u00e9 des chances pour tous.<\/p>\n\n\n\n<p>Conform\u00e9ment \u00e0 la norme d&#8217;emploi de LAPHO OSL :<\/p>\n\n\n\n<ul class=\"is-style-styled wp-block-list\">\n<li>a offert des accommodements d\u2019accessibilit\u00e9 aux candidats lors du processus de recrutement, sur demande.<\/li>\n\n\n\n<li>a travaill\u00e9 avec les employ\u00e9s pour r\u00e9pondre \u00e0 leurs besoins en mati\u00e8re d&rsquo;accessibilit\u00e9 pendant leur emploi et \u00e0 la suite de tout retour de cong\u00e9.<\/li>\n\n\n\n<li>a tenu compte des besoins en mati\u00e8re d&rsquo;accessibilit\u00e9 des employ\u00e9s handicap\u00e9s dans les processus de gestion de la performance et de d\u00e9veloppement de carri\u00e8re.<\/li>\n\n\n\n<li>s&rsquo;est engag\u00e9 \u00e0 offrir des exp\u00e9riences de candidature accessibles tout au long du processus de s\u00e9lection, o\u00f9 les candidats n\u00e9cessitant des accommodements peuvent nous contacter par courriel ou par t\u00e9l\u00e9phone, comme indiqu\u00e9 dans chaque offre d&#8217;emploi.<\/li>\n\n\n\n<li>s&rsquo;est engag\u00e9 \u00e0 fournir un soutien continu aux employ\u00e9s handicap\u00e9s qui peuvent demander des accommodements.<\/li>\n<\/ul>\n\n\n\n<p>En 2024, OSL mettra en place :<\/p>\n\n\n\n<ul class=\"is-style-styled wp-block-list\">\n<li>La cr\u00e9ation de plans d&rsquo;urgence en milieu de travail pour les employ\u00e9s handicap\u00e9s.<\/li>\n<\/ul>\n\n\n\n<h3 class=\"wp-block-heading\" id=\"conception-des-espaces-publics\"><strong>Conception des espaces publics<\/strong><\/h3>\n\n\n\n<p>OSL s&rsquo;engage \u00e0 cr\u00e9er des espaces con\u00e7us pour minimiser les obstacles pour les personnes handicap\u00e9es.<\/p>\n\n\n\n<p>En 2024, OSL va :<\/p>\n\n\n\n<ul class=\"is-style-styled wp-block-list\">\n<li>Effectuer une \u00e9valuation de tout lieu de travail relevant de cette norme.<\/li>\n\n\n\n<li>S&rsquo;assurer que les modifications requises sont effectu\u00e9es dans un d\u00e9lai raisonnable.<\/li>\n<\/ul>\n\n\n\n<h3 class=\"wp-block-heading\" id=\"commentaires\"><strong>Commentaires<\/strong><\/h3>\n\n\n\n<p>Nous vous invitons \u00e0 nous faire part de vos commentaires sur notre politique d&rsquo;accessibilit\u00e9, notre plan pluriannuel d&rsquo;accessibilit\u00e9 et la fourniture d&rsquo;informations ou de services aux personnes en situation de handicap. Vos commentaires sur nos services, concernant la mani\u00e8re dont ces attentes sont satisfaites, sont les bienvenus et appr\u00e9ci\u00e9s. Tous les commentaires ou questions concernant la mani\u00e8re dont OSL fournit des services aux personnes handicap\u00e9es seront trait\u00e9s et recevront une r\u00e9ponse dans les meilleurs d\u00e9lais. Notre plan d&rsquo;accessibilit\u00e9 est disponible au public ici.<\/p>\n<\/div><\/div><\/div><\/div><\/div>\n","protected":false},"excerpt":{"rendered":"","protected":false},"author":2,"featured_media":0,"parent":0,"menu_order":11,"comment_status":"closed","ping_status":"closed","template":"","meta":{"inline_featured_image":false,"ghostkit_customizer_options":"","ghostkit_custom_css":"","ghostkit_custom_js_head":"","ghostkit_custom_js_foot":"","ghostkit_typography":"","footnotes":"","_wp_rev_ctl_limit":""},"class_list":["entry","page","publish","author-comdevwsi510","post-86810"],"yoast_head":"<!-- This site is optimized with the Yoast SEO plugin v27.3 - https:\/\/yoast.com\/product\/yoast-seo-wordpress\/ -->\n<title>Plan pluriannuel de LAPHO | OSL RS<\/title>\n<meta name=\"description\" content=\"Ce plan d&#039;accessibilit\u00e9 d\u00e9crit les mesures que nous prenons pour r\u00e9pondre \u00e0 ces obligations et am\u00e9liorer les opportunit\u00e9s pour les personnes en situation de handicap\" \/>\n<meta name=\"robots\" content=\"index, follow, max-snippet:-1, max-image-preview:large, max-video-preview:-1\" \/>\n<link rel=\"canonical\" href=\"https:\/\/oslrs.com\/fr\/plan-pluriannuel-de-lapho\/\" \/>\n<meta property=\"og:locale\" content=\"fr_FR\" \/>\n<meta property=\"og:type\" content=\"article\" \/>\n<meta property=\"og:title\" content=\"Plan pluriannuel de LAPHO | OSL RS\" \/>\n<meta property=\"og:description\" content=\"Ce plan d&#039;accessibilit\u00e9 d\u00e9crit les mesures que nous prenons pour r\u00e9pondre \u00e0 ces obligations et am\u00e9liorer les opportunit\u00e9s pour les personnes en situation de handicap\" \/>\n<meta property=\"og:url\" content=\"https:\/\/oslrs.com\/fr\/plan-pluriannuel-de-lapho\/\" \/>\n<meta property=\"og:site_name\" content=\"OSL RS\" \/>\n<meta property=\"article:publisher\" content=\"https:\/\/www.facebook.com\/OSLRS\/\" \/>\n<meta property=\"article:modified_time\" content=\"2024-01-23T19:43:56+00:00\" \/>\n<meta name=\"twitter:card\" content=\"summary_large_image\" \/>\n<meta name=\"twitter:site\" content=\"@oslretail\" \/>\n<meta name=\"twitter:label1\" content=\"Dur\u00e9e de lecture estim\u00e9e\" \/>\n\t<meta name=\"twitter:data1\" content=\"4 minutes\" \/>\n<script type=\"application\/ld+json\" class=\"yoast-schema-graph\">{\"@context\":\"https:\\\/\\\/schema.org\",\"@graph\":[{\"@type\":\"WebPage\",\"@id\":\"https:\\\/\\\/oslrs.com\\\/fr\\\/plan-pluriannuel-de-lapho\\\/\",\"url\":\"https:\\\/\\\/oslrs.com\\\/fr\\\/plan-pluriannuel-de-lapho\\\/\",\"name\":\"Plan pluriannuel de LAPHO | OSL RS\",\"isPartOf\":{\"@id\":\"https:\\\/\\\/oslrs.com\\\/fr\\\/#website\"},\"datePublished\":\"2024-01-23T19:41:15+00:00\",\"dateModified\":\"2024-01-23T19:43:56+00:00\",\"description\":\"Ce plan d'accessibilit\u00e9 d\u00e9crit les mesures que nous prenons pour r\u00e9pondre \u00e0 ces obligations et am\u00e9liorer les opportunit\u00e9s pour les personnes en situation de handicap\",\"breadcrumb\":{\"@id\":\"https:\\\/\\\/oslrs.com\\\/fr\\\/plan-pluriannuel-de-lapho\\\/#breadcrumb\"},\"inLanguage\":\"fr-FR\",\"potentialAction\":[{\"@type\":\"ReadAction\",\"target\":[\"https:\\\/\\\/oslrs.com\\\/fr\\\/plan-pluriannuel-de-lapho\\\/\"]}]},{\"@type\":\"BreadcrumbList\",\"@id\":\"https:\\\/\\\/oslrs.com\\\/fr\\\/plan-pluriannuel-de-lapho\\\/#breadcrumb\",\"itemListElement\":[{\"@type\":\"ListItem\",\"position\":1,\"name\":\"Home\",\"item\":\"https:\\\/\\\/oslrs.com\\\/fr\\\/\"},{\"@type\":\"ListItem\",\"position\":2,\"name\":\"Plan pluriannuel de LAPHO\"}]},{\"@type\":\"WebSite\",\"@id\":\"https:\\\/\\\/oslrs.com\\\/fr\\\/#website\",\"url\":\"https:\\\/\\\/oslrs.com\\\/fr\\\/\",\"name\":\"OSL RS\",\"description\":\"\",\"publisher\":{\"@id\":\"https:\\\/\\\/oslrs.com\\\/fr\\\/#organization\"},\"potentialAction\":[{\"@type\":\"SearchAction\",\"target\":{\"@type\":\"EntryPoint\",\"urlTemplate\":\"https:\\\/\\\/oslrs.com\\\/fr\\\/?s={search_term_string}\"},\"query-input\":{\"@type\":\"PropertyValueSpecification\",\"valueRequired\":true,\"valueName\":\"search_term_string\"}}],\"inLanguage\":\"fr-FR\"},{\"@type\":\"Organization\",\"@id\":\"https:\\\/\\\/oslrs.com\\\/fr\\\/#organization\",\"name\":\"OSL Retail Services Inc.\",\"url\":\"https:\\\/\\\/oslrs.com\\\/fr\\\/\",\"logo\":{\"@type\":\"ImageObject\",\"inLanguage\":\"fr-FR\",\"@id\":\"https:\\\/\\\/oslrs.com\\\/fr\\\/#\\\/schema\\\/logo\\\/image\\\/\",\"url\":\"https:\\\/\\\/oslrs.com\\\/wp-content\\\/uploads\\\/2021\\\/11\\\/OSL-Logo-fav.jpg\",\"contentUrl\":\"https:\\\/\\\/oslrs.com\\\/wp-content\\\/uploads\\\/2021\\\/11\\\/OSL-Logo-fav.jpg\",\"width\":512,\"height\":512,\"caption\":\"OSL Retail Services Inc.\"},\"image\":{\"@id\":\"https:\\\/\\\/oslrs.com\\\/fr\\\/#\\\/schema\\\/logo\\\/image\\\/\"},\"sameAs\":[\"https:\\\/\\\/www.facebook.com\\\/OSLRS\\\/\",\"https:\\\/\\\/x.com\\\/oslretail\",\"https:\\\/\\\/www.instagram.com\\\/oslrs\\\/\",\"https:\\\/\\\/www.linkedin.com\\\/company\\\/oslrs\\\/\",\"https:\\\/\\\/www.youtube.com\\\/channel\\\/UCZcT_WdO8LhXKKbk9IoyEGw\"]}]}<\/script>\n<!-- \/ Yoast SEO plugin. -->","yoast_head_json":{"title":"Plan pluriannuel de LAPHO | OSL RS","description":"Ce plan d'accessibilit\u00e9 d\u00e9crit les mesures que nous prenons pour r\u00e9pondre \u00e0 ces obligations et am\u00e9liorer les opportunit\u00e9s pour les personnes en situation de handicap","robots":{"index":"index","follow":"follow","max-snippet":"max-snippet:-1","max-image-preview":"max-image-preview:large","max-video-preview":"max-video-preview:-1"},"canonical":"https:\/\/oslrs.com\/fr\/plan-pluriannuel-de-lapho\/","og_locale":"fr_FR","og_type":"article","og_title":"Plan pluriannuel de LAPHO | OSL RS","og_description":"Ce plan d'accessibilit\u00e9 d\u00e9crit les mesures que nous prenons pour r\u00e9pondre \u00e0 ces obligations et am\u00e9liorer les opportunit\u00e9s pour les personnes en situation de handicap","og_url":"https:\/\/oslrs.com\/fr\/plan-pluriannuel-de-lapho\/","og_site_name":"OSL RS","article_publisher":"https:\/\/www.facebook.com\/OSLRS\/","article_modified_time":"2024-01-23T19:43:56+00:00","twitter_card":"summary_large_image","twitter_site":"@oslretail","twitter_misc":{"Dur\u00e9e de lecture estim\u00e9e":"4 minutes"},"schema":{"@context":"https:\/\/schema.org","@graph":[{"@type":"WebPage","@id":"https:\/\/oslrs.com\/fr\/plan-pluriannuel-de-lapho\/","url":"https:\/\/oslrs.com\/fr\/plan-pluriannuel-de-lapho\/","name":"Plan pluriannuel de LAPHO | OSL RS","isPartOf":{"@id":"https:\/\/oslrs.com\/fr\/#website"},"datePublished":"2024-01-23T19:41:15+00:00","dateModified":"2024-01-23T19:43:56+00:00","description":"Ce plan d'accessibilit\u00e9 d\u00e9crit les mesures que nous prenons pour r\u00e9pondre \u00e0 ces obligations et am\u00e9liorer les opportunit\u00e9s pour les personnes en situation de handicap","breadcrumb":{"@id":"https:\/\/oslrs.com\/fr\/plan-pluriannuel-de-lapho\/#breadcrumb"},"inLanguage":"fr-FR","potentialAction":[{"@type":"ReadAction","target":["https:\/\/oslrs.com\/fr\/plan-pluriannuel-de-lapho\/"]}]},{"@type":"BreadcrumbList","@id":"https:\/\/oslrs.com\/fr\/plan-pluriannuel-de-lapho\/#breadcrumb","itemListElement":[{"@type":"ListItem","position":1,"name":"Home","item":"https:\/\/oslrs.com\/fr\/"},{"@type":"ListItem","position":2,"name":"Plan pluriannuel de LAPHO"}]},{"@type":"WebSite","@id":"https:\/\/oslrs.com\/fr\/#website","url":"https:\/\/oslrs.com\/fr\/","name":"OSL RS","description":"","publisher":{"@id":"https:\/\/oslrs.com\/fr\/#organization"},"potentialAction":[{"@type":"SearchAction","target":{"@type":"EntryPoint","urlTemplate":"https:\/\/oslrs.com\/fr\/?s={search_term_string}"},"query-input":{"@type":"PropertyValueSpecification","valueRequired":true,"valueName":"search_term_string"}}],"inLanguage":"fr-FR"},{"@type":"Organization","@id":"https:\/\/oslrs.com\/fr\/#organization","name":"OSL Retail Services Inc.","url":"https:\/\/oslrs.com\/fr\/","logo":{"@type":"ImageObject","inLanguage":"fr-FR","@id":"https:\/\/oslrs.com\/fr\/#\/schema\/logo\/image\/","url":"https:\/\/oslrs.com\/wp-content\/uploads\/2021\/11\/OSL-Logo-fav.jpg","contentUrl":"https:\/\/oslrs.com\/wp-content\/uploads\/2021\/11\/OSL-Logo-fav.jpg","width":512,"height":512,"caption":"OSL Retail Services Inc."},"image":{"@id":"https:\/\/oslrs.com\/fr\/#\/schema\/logo\/image\/"},"sameAs":["https:\/\/www.facebook.com\/OSLRS\/","https:\/\/x.com\/oslretail","https:\/\/www.instagram.com\/oslrs\/","https:\/\/www.linkedin.com\/company\/oslrs\/","https:\/\/www.youtube.com\/channel\/UCZcT_WdO8LhXKKbk9IoyEGw"]}]}},"_links":{"self":[{"href":"https:\/\/oslrs.com\/fr\/wp-json\/wp\/v2\/pages\/86810","targetHints":{"allow":["GET"]}}],"collection":[{"href":"https:\/\/oslrs.com\/fr\/wp-json\/wp\/v2\/pages"}],"about":[{"href":"https:\/\/oslrs.com\/fr\/wp-json\/wp\/v2\/types\/page"}],"author":[{"embeddable":true,"href":"https:\/\/oslrs.com\/fr\/wp-json\/wp\/v2\/users\/2"}],"replies":[{"embeddable":true,"href":"https:\/\/oslrs.com\/fr\/wp-json\/wp\/v2\/comments?post=86810"}],"version-history":[{"count":3,"href":"https:\/\/oslrs.com\/fr\/wp-json\/wp\/v2\/pages\/86810\/revisions"}],"predecessor-version":[{"id":86852,"href":"https:\/\/oslrs.com\/fr\/wp-json\/wp\/v2\/pages\/86810\/revisions\/86852"}],"wp:attachment":[{"href":"https:\/\/oslrs.com\/fr\/wp-json\/wp\/v2\/media?parent=86810"}],"curies":[{"name":"wp","href":"https:\/\/api.w.org\/{rel}","templated":true}]}}