{"id":85438,"date":"2021-11-15T23:07:49","date_gmt":"2021-11-15T23:07:49","guid":{"rendered":"https:\/\/oslrs.com\/privacy-policy\/"},"modified":"2025-08-26T11:50:43","modified_gmt":"2025-08-26T15:50:43","slug":"politique-de-confidentialite","status":"publish","type":"page","link":"https:\/\/oslrs.com\/fr\/politique-de-confidentialite\/","title":{"rendered":"Politique de confidentialit\u00e9"},"content":{"rendered":"\n<div class=\"wp-block-getwid-section alignfull alignfull getwid-section-content-custom-width\"><div class=\"wp-block-getwid-section__wrapper getwid-padding-top-large getwid-padding-bottom-large getwid-padding-left-large getwid-padding-right-large\"><div class=\"wp-block-getwid-section__inner-wrapper\" style=\"max-width:1200px\"><div class=\"wp-block-getwid-section__background-holder\"><div class=\"wp-block-getwid-section__background\"><\/div><div class=\"wp-block-getwid-section__foreground\"><\/div><\/div><div class=\"wp-block-getwid-section__content\"><div class=\"wp-block-getwid-section__inner-content\">\n<h2 class=\"wp-block-heading\"><strong>POLITIQUE DE CONFIDENTIALIT\u00c9<\/strong><\/h2>\n\n\n\n<p><strong>APER\u00c7U<\/strong><\/p>\n\n\n\n<p>OSL Services de D\u00e9tails Inc. s\u2019engage \u00e0 respecter la confidentialit\u00e9 de nos utilisateurs. Nous nous effor\u00e7ons de fournir une exp\u00e9rience utilisateur s\u00fbre et s\u00e9curis\u00e9e. Cette d\u00e9claration de confidentialit\u00e9 d\u00e9finit les politiques et pratiques de collecte et d\u2019utilisation des donn\u00e9es en ligne qui s\u2019appliquent \u00e0 nos sites Web. En utilisant un site Web OSL Services de D\u00e9tails Inc. vous acceptez les politiques et pratiques d\u00e9crites dans la pr\u00e9sente d\u00e9claration.<\/p>\n\n\n\n<p>Vos donn\u00e9es seront stock\u00e9es et trait\u00e9es en tout ou en partie aux \u00c9tats-Unis ou au Canada ou dans tout autre pays dans lequel OSL Services de D\u00e9tails Inc. ou ses soci\u00e9t\u00e9s affili\u00e9es exercent leurs activit\u00e9s. Votre acc\u00e8s et votre utilisation d\u2019un site Web OSL Services de D\u00e9tails Inc. constituent votre consentement au transfert de vos donn\u00e9es hors de votre pays.<\/p>\n\n\n\n<p>Nos sites contiennent des liens vers d\u2019autres sites Web sur lesquels nous n\u2019avons aucun contr\u00f4le. OSL Services de D\u00e9tails Inc. n\u2019est pas responsable des politiques ou pratiques de confidentialit\u00e9 des autres sites Web auxquels vous choisissez de cr\u00e9er un lien \u00e0 partir d\u2019un site Web OSL Services de D\u00e9tails Inc. Nous vous encourageons \u00e0 consulter les politiques de confidentialit\u00e9 de ces autres sites Web afin que vous puissiez comprendre comment ils collectent, utilisent et partagent vos informations. Cette d\u00e9claration de confidentialit\u00e9 s\u2019applique uniquement aux informations que nous collectons sur un site Web OSL Services de D\u00e9tails Inc. et ne s\u2019applique pas aux informations que nous collectons de toute autre mani\u00e8re.<\/p>\n\n\n\n<p><strong>COLLECTE ET CONSERVATION DES RENSEIGNEMENTS<\/strong><\/p>\n\n\n\n<p>Dans certaines sections de nos sites Web, OSL Retail Services Inc. demande ou peut demander que vous fournissiez des renseignements personnels, incluant votre nom, adresse, adresse courriel, num\u00e9ro de t\u00e9l\u00e9phone, informations de contact, ainsi que tout autre renseignement permettant de vous identifier. Dans d\u2019autres sections, OSL Retail Services Inc. recueille ou peut recueillir des renseignements d\u00e9mographiques qui ne vous identifient pas directement, tels que votre code postal, \u00e2ge, pr\u00e9f\u00e9rences, sexe, int\u00e9r\u00eats et favoris. Il est \u00e9galement possible que nous recueillions une combinaison de renseignements personnels et d\u00e9mographiques. Des exemples de sections o\u00f9 OSL Retail Services Inc. peut recueillir de tels renseignements incluent les pages o\u00f9 vous cr\u00e9ez un profil ou postulez \u00e0 un emploi.<\/p>\n\n\n\n<p>Nous recueillons aussi, ou pourrions recueillir, certains renseignements sur votre utilisation de notre site, tels que les pages ou sections que vous visitez et les services auxquels vous acc\u00e9dez. De plus, des renseignements sur votre mat\u00e9riel et vos logiciels informatiques peuvent \u00eatre recueillis par OSL Retail Services Inc. Ces renseignements peuvent inclure, sans s\u2019y limiter, votre adresse IP, le type de navigateur, le syst\u00e8me d\u2019exploitation, les noms de domaine, les heures d\u2019acc\u00e8s et les adresses de sites Web r\u00e9f\u00e9rents. OSL Retail Services Inc. peut \u00e9galement recueillir et publier des renseignements de localisation, que ce soit sous forme de g\u00e9obalises ou d\u2019annotations associ\u00e9es \u00e0 Instagram, Facebook, Twitter ou d\u2019autres publications et\/ou m\u00e9dias sociaux.<\/p>\n\n\n\n<p>OSL Retail Services Inc. conserve les renseignements personnels uniquement pendant la p\u00e9riode n\u00e9cessaire pour atteindre les objectifs pour lesquels ils ont \u00e9t\u00e9 recueillis, y compris afin de respecter les exigences l\u00e9gales, r\u00e9glementaires et contractuelles. Lorsque les renseignements personnels ne sont plus requis, OSL Retail Services Inc. les supprimera, les anonymisera ou les \u00e9liminera de fa\u00e7on s\u00e9curitaire, conform\u00e9ment aux lois applicables et \u00e0 ses politiques internes de conservation. Les p\u00e9riodes de conservation sp\u00e9cifiques peuvent varier selon le type de renseignements recueillis ainsi que les obligations l\u00e9gales ou op\u00e9rationnelles applicables. Les personnes concern\u00e9es peuvent demander des pr\u00e9cisions sur les pratiques de conservation relatives \u00e0 leurs renseignements personnels en communiquant avec le Commissaire \u00e0 la protection de la vie priv\u00e9e d\u2019OSL \u00e0 l\u2019adresse\u00a0<strong><a href=\"mailto:privacycommissioner@oslrs.com\" target=\"_blank\" rel=\"noreferrer noopener\">privacycommissioner@oslrs.com<\/a><\/strong>.<\/p>\n\n\n\n<p><strong>UTILISATION DES INFORMATIONS PAR OSL RETAIL SERVICES INC.<\/strong><\/p>\n\n\n\n<p>Nous utilisons les informations que nous recueillons sur les sites Web d\u2019OSL Services de D\u00e9tails Inc., qu\u2019elles soient personnelles, d\u00e9mographiques, collectives ou techniques, dans le but d\u2019exploiter et d\u2019am\u00e9liorer les sites Web OSL Services de D\u00e9tails Inc., de favoriser une exp\u00e9rience utilisateur positive et de fournir les produits et services que nous offrons.<\/p>\n\n\n\n<p>Nous pouvons \u00e9galement utiliser les informations que nous recueillons pour vous informer d\u2019autres produits ou services disponibles aupr\u00e8s de OSL Services de D\u00e9tails Inc. ou pour vous contacter au sujet de votre opinion sur les produits et services actuels ou sur les nouveaux produits et services potentiels qui pourraient \u00eatre offerts.<\/p>\n\n\n\n<p>Nous pouvons utiliser vos coordonn\u00e9es afin de vous envoyer des courriers \u00e9lectroniques ou d\u2019autres communications concernant les mises \u00e0 jour sur le site OSL Services de D\u00e9tails Inc., telles que les nouvelles opportunit\u00e9s OSL Services de D\u00e9tails Inc. et les listes suppl\u00e9mentaires qui pourraient vous int\u00e9resser. La nature et la fr\u00e9quence de ces messages varieront en fonction des informations que nous d\u00e9tenons \u00e0 votre sujet.<\/p>\n\n\n\n<p>Nous avons un espace o\u00f9 vous pouvez soumettre vos commentaires. Tous les commentaires que vous nous soumettez deviennent notre propri\u00e9t\u00e9 et nous pouvons utiliser ces commentaires (tels que les histoires de r\u00e9ussite) \u00e0 des fins de marketing ou pour vous contacter pour plus d\u2019informations.<\/p>\n\n\n\n<p><strong>DIVULGATION D\u2019INFORMATIONS AUX AUTRES<\/strong><\/p>\n\n\n\n<p>Nous ne divulguons pas \u00e0 des tiers vos informations personnelles, les informations personnelles et d\u00e9mographiques combin\u00e9es ou les informations sur votre utilisation des sites Web d\u2019OSL Retail Services Inc. (telles que les pages et les zones que vous visitez ou les services auxquels vous acc\u00e9dez), sauf comme indiqu\u00e9 ci-dessous.<\/p>\n\n\n\n<ol class=\"wp-block-list is-style-styled\">\n<li>Nous pouvons divulguer ces informations aux soci\u00e9t\u00e9s et aux individus que nous employons pour exercer des fonctions en notre nom. Les exemples peuvent inclure l\u2019h\u00e9bergement de nos serveurs Web, l\u2019analyse des donn\u00e9es ou la fourniture d\u2019une assistance marketing et de recrutement. Ces soci\u00e9t\u00e9s et individus auront acc\u00e8s \u00e0 vos informations personnelles si n\u00e9cessaire pour exercer leurs fonctions, mais ils ne peuvent pas partager ces informations avec un autre tiers.<\/li>\n\n\n\n<li>Nous pouvons divulguer ces informations si la loi l\u2019exige, si une entit\u00e9 gouvernementale le demande ou si nous croyons de bonne foi qu\u2019une telle action est n\u00e9cessaire pour: (a) se conformer aux exigences l\u00e9gales ou se conformer aux proc\u00e9dures l\u00e9gales; (b) prot\u00e9ger les droits ou la propri\u00e9t\u00e9 d\u2019OSL Retail Services Inc. (c) pr\u00e9venir un crime ou prot\u00e9ger la s\u00e9curit\u00e9 nationale; ou (d) prot\u00e9ger la s\u00e9curit\u00e9 personnelle des utilisateurs ou du public.<\/li>\n\n\n\n<li>Nous pouvons divulguer et transf\u00e9rer ces informations \u00e0 un tiers qui acquiert la totalit\u00e9 ou une partie substantielle des activit\u00e9s d\u2019OSL Services de D\u00e9tails Inc.; que cette acquisition se fasse par fusion, consolidation ou achat de tout ou partie de nos actifs. De plus, dans le cas o\u00f9 OSL Services de D\u00e9tails Inc. fait l\u2019objet d\u2019une proc\u00e9dure de mise en faillite, volontaire ou involontaire, OSL Services de D\u00e9tails Inc. ou son syndic de faillite peut vendre, autoriser ou autrement disposer de ces informations dans une transaction approuv\u00e9e par la faillite tribunal.<\/li>\n<\/ol>\n\n\n\n<p>OSL Services de D\u00e9tails Inc. peut \u00e9galement partager des informations anonymes agr\u00e9g\u00e9es sur les visiteurs de ses sites Web avec ses clients, partenaires et autres tiers afin qu\u2019ils puissent comprendre les types de visiteurs du site d\u2019OSL Services de D\u00e9tails Inc. et comment ces visiteurs utilisent le site.<\/p>\n\n\n\n<p><strong>UTILISATION DES COOKIES<\/strong><\/p>\n\n\n\n<p>OSL Services de D\u00e9tails Inc. utilise des \u00abcookies\u00bb pour vous aider \u00e0 personnaliser et \u00e0 maximiser votre exp\u00e9rience et votre temps en ligne. Un cookie est un fichier texte qui est plac\u00e9 sur votre disque dur par un serveur de pages Web. Les cookies ne sont pas utilis\u00e9s pour ex\u00e9cuter des programmes ou transmettre des virus \u00e0 votre ordinateur. Les cookies sont attribu\u00e9s de mani\u00e8re unique \u00e0 votre ordinateur et ne peuvent \u00eatre lus que par un serveur Web du domaine qui vous a \u00e9mis le cookie.<\/p>\n\n\n\n<p>L\u2019un des principaux objectifs des cookies est de fournir une fonctionnalit\u00e9 pratique pour vous faire gagner du temps, par exemple pour informer le serveur Web que vous \u00eates revenu &nbsp;sur une page sp\u00e9cifique. Par exemple, si vous personnalisez des pages &nbsp;OSL Services de D\u00e9tails Inc. ou vous inscrivez \u00e0 des services, un cookie nous aide \u00e0 rappeler vos informations sp\u00e9cifiques (tels que le nom d\u2019utilisateur, le mot de passe et les pr\u00e9f\u00e9rences.) Gr\u00e2ce \u00e0 notre utilisation des cookies, nous pouvons fournir des r\u00e9sultats plus rapides et plus pr\u00e9cis et une exp\u00e9rience de site plus personnalis\u00e9e.&nbsp; Lorsque vous revenez sur le site OSL Services de D\u00e9tails Inc., les informations que vous avez fournies pr\u00e9c\u00e9demment peuvent \u00eatre r\u00e9cup\u00e9r\u00e9es afin que vous puissiez facilement utiliser les fonctionnalit\u00e9s que vous avez personnalis\u00e9es. Nous utilisons \u00e9galement des cookies pour suivre les flux de clics et pour l\u2019\u00e9quilibrage de charge.<\/p>\n\n\n\n<p>Vous pourriez avoir la possibilit\u00e9 d\u2019accepter ou de refuser les cookies. La plupart des navigateurs Web acceptent automatiquement les cookies, mais vous pouvez g\u00e9n\u00e9ralement modifier les param\u00e8tres de votre navigateur pour refuser tous les cookies si vous pr\u00e9f\u00e9rez. Alternativement, vous pourriez \u00eatre en mesure de modifier les param\u00e8tres de votre navigateur pour vous avertir chaque fois qu\u2019un cookie est d\u00e9pos\u00e9 et vous permettre d\u2019accepter ou de refuser les cookies sur une base individuelle. Cependant, si vous choisissez de refuser les cookies, cela pourrait nuire aux performances et avoir un impact n\u00e9gatif sur votre exp\u00e9rience sur le site Web OSL Services de D\u00e9tails Inc.<\/p>\n\n\n\n<p><strong>S\u00c9CURIT\u00c9<\/strong><\/p>\n\n\n\n<p>OSL Services de D\u00e9tails Inc. a mis en \u0153uvre des mesures techniques et organisationnelles raisonnables con\u00e7ues pour prot\u00e9ger vos informations personnelles contre la perte accidentelle et contre l\u2019acc\u00e8s, l\u2019utilisation, la modification ou la divulgation non autoris\u00e9e. Cependant, nous ne pouvons garantir que des tiers non autoris\u00e9s ne pourront jamais contourner ces mesures ou utiliser vos informations personnelles \u00e0 des fins inappropri\u00e9es.<\/p>\n\n\n\n<p><strong>MODIFICATIONS DE LA D\u00c9CLARATION DE CONFIDENTIALIT\u00c9<\/strong><\/p>\n\n\n\n<p>Si nous d\u00e9cidons de modifier notre d\u00e9claration de confidentialit\u00e9 pour OSL Services de D\u00e9tails Inc., nous publierons ces modifications ici afin que vous sachiez toujours quelles informations nous recueillons, comment nous pourrions utiliser ces informations et \u00e0 qui les divulguerons-nous. Si \u00e0 n\u2019importe quel moment, vous avez des questions ou des pr\u00e9occupations au sujet&nbsp; de la d\u00e9claration de confidentialit\u00e9, n\u2019h\u00e9sitez pas \u00e0 envoyer un courriel au Commissaire \u00e0 la protection de la vie priv\u00e9e d\u2019OSL \u00e0&nbsp;<a href=\"mailto:hrretail@oslrs.com\" target=\"_blank\" rel=\"noreferrer noopener\">privacycommissioner@oslrs.com<\/a>&nbsp;ou en nous appelant au&nbsp;<a href=\"tel:(905)%20766-4074\" target=\"_blank\" rel=\"noreferrer noopener\">905-766-4074<\/a>.&nbsp;<\/p>\n\n\n\n<p><strong>INFORMATIONS DE CONTACT<\/strong><\/p>\n\n\n\n<p>Nous appr\u00e9cions vos commentaires concernant cette d\u00e9claration de confidentialit\u00e9. Si vous pensez que nous n\u2019avons pas adh\u00e9r\u00e9 \u00e0 cette d\u00e9claration, veuillez nous contacter en nous envoyant un courriel \u00e0&nbsp;<a href=\"mailto:hrretail@oslrs.com\" target=\"_blank\" rel=\"noreferrer noopener\">privacycommissioner@oslrs.com<\/a>&nbsp;ou en nous appelant au&nbsp;<a href=\"tel:(905)%20766-4074\" target=\"_blank\" rel=\"noreferrer noopener\">905-766-4074<\/a>. Nous d\u00e9ploierons des efforts commercialement raisonnables pour d\u00e9terminer et r\u00e9soudre rapidement le probl\u00e8me.<\/p>\n\n\n\n<p><em>Mise \u00e0 jour en vigueur le 11 ao\u00fbt 2017.<\/em><\/p>\n<\/div><\/div><\/div><\/div><\/div>\n","protected":false},"excerpt":{"rendered":"","protected":false},"author":3,"featured_media":0,"parent":0,"menu_order":10,"comment_status":"closed","ping_status":"closed","template":"","meta":{"inline_featured_image":false,"ghostkit_customizer_options":"","ghostkit_custom_css":"","ghostkit_custom_js_head":"","ghostkit_custom_js_foot":"","ghostkit_typography":"","footnotes":"","_wp_rev_ctl_limit":""},"class_list":["entry","page","publish","author-oslrsdomain","post-85438"],"yoast_head":"<!-- This site is optimized with the Yoast SEO plugin v27.3 - https:\/\/yoast.com\/product\/yoast-seo-wordpress\/ -->\n<title>Politique de confidentialit\u00e9 - OSL RS<\/title>\n<meta name=\"robots\" content=\"index, follow, max-snippet:-1, max-image-preview:large, max-video-preview:-1\" \/>\n<link rel=\"canonical\" href=\"https:\/\/oslrs.com\/fr\/politique-de-confidentialite\/\" \/>\n<meta property=\"og:locale\" content=\"fr_FR\" \/>\n<meta property=\"og:type\" content=\"article\" \/>\n<meta property=\"og:title\" content=\"Politique de confidentialit\u00e9 - OSL RS\" \/>\n<meta property=\"og:url\" content=\"https:\/\/oslrs.com\/fr\/politique-de-confidentialite\/\" \/>\n<meta property=\"og:site_name\" content=\"OSL RS\" \/>\n<meta property=\"article:publisher\" content=\"https:\/\/www.facebook.com\/OSLRS\/\" \/>\n<meta property=\"article:modified_time\" content=\"2025-08-26T15:50:43+00:00\" \/>\n<meta name=\"twitter:card\" content=\"summary_large_image\" \/>\n<meta name=\"twitter:site\" content=\"@oslretail\" \/>\n<meta name=\"twitter:label1\" content=\"Dur\u00e9e de lecture estim\u00e9e\" \/>\n\t<meta name=\"twitter:data1\" content=\"8 minutes\" \/>\n<script type=\"application\/ld+json\" class=\"yoast-schema-graph\">{\"@context\":\"https:\\\/\\\/schema.org\",\"@graph\":[{\"@type\":\"WebPage\",\"@id\":\"https:\\\/\\\/oslrs.com\\\/fr\\\/politique-de-confidentialite\\\/\",\"url\":\"https:\\\/\\\/oslrs.com\\\/fr\\\/politique-de-confidentialite\\\/\",\"name\":\"Politique de confidentialit\u00e9 - OSL RS\",\"isPartOf\":{\"@id\":\"https:\\\/\\\/oslrs.com\\\/fr\\\/#website\"},\"datePublished\":\"2021-11-15T23:07:49+00:00\",\"dateModified\":\"2025-08-26T15:50:43+00:00\",\"breadcrumb\":{\"@id\":\"https:\\\/\\\/oslrs.com\\\/fr\\\/politique-de-confidentialite\\\/#breadcrumb\"},\"inLanguage\":\"fr-FR\",\"potentialAction\":[{\"@type\":\"ReadAction\",\"target\":[\"https:\\\/\\\/oslrs.com\\\/fr\\\/politique-de-confidentialite\\\/\"]}]},{\"@type\":\"BreadcrumbList\",\"@id\":\"https:\\\/\\\/oslrs.com\\\/fr\\\/politique-de-confidentialite\\\/#breadcrumb\",\"itemListElement\":[{\"@type\":\"ListItem\",\"position\":1,\"name\":\"Home\",\"item\":\"https:\\\/\\\/oslrs.com\\\/fr\\\/\"},{\"@type\":\"ListItem\",\"position\":2,\"name\":\"Politique de confidentialit\u00e9\"}]},{\"@type\":\"WebSite\",\"@id\":\"https:\\\/\\\/oslrs.com\\\/fr\\\/#website\",\"url\":\"https:\\\/\\\/oslrs.com\\\/fr\\\/\",\"name\":\"OSL RS\",\"description\":\"\",\"publisher\":{\"@id\":\"https:\\\/\\\/oslrs.com\\\/fr\\\/#organization\"},\"potentialAction\":[{\"@type\":\"SearchAction\",\"target\":{\"@type\":\"EntryPoint\",\"urlTemplate\":\"https:\\\/\\\/oslrs.com\\\/fr\\\/?s={search_term_string}\"},\"query-input\":{\"@type\":\"PropertyValueSpecification\",\"valueRequired\":true,\"valueName\":\"search_term_string\"}}],\"inLanguage\":\"fr-FR\"},{\"@type\":\"Organization\",\"@id\":\"https:\\\/\\\/oslrs.com\\\/fr\\\/#organization\",\"name\":\"OSL Retail Services Inc.\",\"url\":\"https:\\\/\\\/oslrs.com\\\/fr\\\/\",\"logo\":{\"@type\":\"ImageObject\",\"inLanguage\":\"fr-FR\",\"@id\":\"https:\\\/\\\/oslrs.com\\\/fr\\\/#\\\/schema\\\/logo\\\/image\\\/\",\"url\":\"https:\\\/\\\/oslrs.com\\\/wp-content\\\/uploads\\\/2021\\\/11\\\/OSL-Logo-fav.jpg\",\"contentUrl\":\"https:\\\/\\\/oslrs.com\\\/wp-content\\\/uploads\\\/2021\\\/11\\\/OSL-Logo-fav.jpg\",\"width\":512,\"height\":512,\"caption\":\"OSL Retail Services Inc.\"},\"image\":{\"@id\":\"https:\\\/\\\/oslrs.com\\\/fr\\\/#\\\/schema\\\/logo\\\/image\\\/\"},\"sameAs\":[\"https:\\\/\\\/www.facebook.com\\\/OSLRS\\\/\",\"https:\\\/\\\/x.com\\\/oslretail\",\"https:\\\/\\\/www.instagram.com\\\/oslrs\\\/\",\"https:\\\/\\\/www.linkedin.com\\\/company\\\/oslrs\\\/\",\"https:\\\/\\\/www.youtube.com\\\/channel\\\/UCZcT_WdO8LhXKKbk9IoyEGw\"]}]}<\/script>\n<!-- \/ Yoast SEO plugin. -->","yoast_head_json":{"title":"Politique de confidentialit\u00e9 - OSL RS","robots":{"index":"index","follow":"follow","max-snippet":"max-snippet:-1","max-image-preview":"max-image-preview:large","max-video-preview":"max-video-preview:-1"},"canonical":"https:\/\/oslrs.com\/fr\/politique-de-confidentialite\/","og_locale":"fr_FR","og_type":"article","og_title":"Politique de confidentialit\u00e9 - OSL RS","og_url":"https:\/\/oslrs.com\/fr\/politique-de-confidentialite\/","og_site_name":"OSL RS","article_publisher":"https:\/\/www.facebook.com\/OSLRS\/","article_modified_time":"2025-08-26T15:50:43+00:00","twitter_card":"summary_large_image","twitter_site":"@oslretail","twitter_misc":{"Dur\u00e9e de lecture estim\u00e9e":"8 minutes"},"schema":{"@context":"https:\/\/schema.org","@graph":[{"@type":"WebPage","@id":"https:\/\/oslrs.com\/fr\/politique-de-confidentialite\/","url":"https:\/\/oslrs.com\/fr\/politique-de-confidentialite\/","name":"Politique de confidentialit\u00e9 - OSL RS","isPartOf":{"@id":"https:\/\/oslrs.com\/fr\/#website"},"datePublished":"2021-11-15T23:07:49+00:00","dateModified":"2025-08-26T15:50:43+00:00","breadcrumb":{"@id":"https:\/\/oslrs.com\/fr\/politique-de-confidentialite\/#breadcrumb"},"inLanguage":"fr-FR","potentialAction":[{"@type":"ReadAction","target":["https:\/\/oslrs.com\/fr\/politique-de-confidentialite\/"]}]},{"@type":"BreadcrumbList","@id":"https:\/\/oslrs.com\/fr\/politique-de-confidentialite\/#breadcrumb","itemListElement":[{"@type":"ListItem","position":1,"name":"Home","item":"https:\/\/oslrs.com\/fr\/"},{"@type":"ListItem","position":2,"name":"Politique de confidentialit\u00e9"}]},{"@type":"WebSite","@id":"https:\/\/oslrs.com\/fr\/#website","url":"https:\/\/oslrs.com\/fr\/","name":"OSL RS","description":"","publisher":{"@id":"https:\/\/oslrs.com\/fr\/#organization"},"potentialAction":[{"@type":"SearchAction","target":{"@type":"EntryPoint","urlTemplate":"https:\/\/oslrs.com\/fr\/?s={search_term_string}"},"query-input":{"@type":"PropertyValueSpecification","valueRequired":true,"valueName":"search_term_string"}}],"inLanguage":"fr-FR"},{"@type":"Organization","@id":"https:\/\/oslrs.com\/fr\/#organization","name":"OSL Retail Services Inc.","url":"https:\/\/oslrs.com\/fr\/","logo":{"@type":"ImageObject","inLanguage":"fr-FR","@id":"https:\/\/oslrs.com\/fr\/#\/schema\/logo\/image\/","url":"https:\/\/oslrs.com\/wp-content\/uploads\/2021\/11\/OSL-Logo-fav.jpg","contentUrl":"https:\/\/oslrs.com\/wp-content\/uploads\/2021\/11\/OSL-Logo-fav.jpg","width":512,"height":512,"caption":"OSL Retail Services Inc."},"image":{"@id":"https:\/\/oslrs.com\/fr\/#\/schema\/logo\/image\/"},"sameAs":["https:\/\/www.facebook.com\/OSLRS\/","https:\/\/x.com\/oslretail","https:\/\/www.instagram.com\/oslrs\/","https:\/\/www.linkedin.com\/company\/oslrs\/","https:\/\/www.youtube.com\/channel\/UCZcT_WdO8LhXKKbk9IoyEGw"]}]}},"_links":{"self":[{"href":"https:\/\/oslrs.com\/fr\/wp-json\/wp\/v2\/pages\/85438","targetHints":{"allow":["GET"]}}],"collection":[{"href":"https:\/\/oslrs.com\/fr\/wp-json\/wp\/v2\/pages"}],"about":[{"href":"https:\/\/oslrs.com\/fr\/wp-json\/wp\/v2\/types\/page"}],"author":[{"embeddable":true,"href":"https:\/\/oslrs.com\/fr\/wp-json\/wp\/v2\/users\/3"}],"replies":[{"embeddable":true,"href":"https:\/\/oslrs.com\/fr\/wp-json\/wp\/v2\/comments?post=85438"}],"version-history":[{"count":1,"href":"https:\/\/oslrs.com\/fr\/wp-json\/wp\/v2\/pages\/85438\/revisions"}],"predecessor-version":[{"id":88420,"href":"https:\/\/oslrs.com\/fr\/wp-json\/wp\/v2\/pages\/85438\/revisions\/88420"}],"wp:attachment":[{"href":"https:\/\/oslrs.com\/fr\/wp-json\/wp\/v2\/media?parent=85438"}],"curies":[{"name":"wp","href":"https:\/\/api.w.org\/{rel}","templated":true}]}}