{"id":85429,"date":"2021-12-16T00:44:06","date_gmt":"2021-12-16T00:44:06","guid":{"rendered":"https:\/\/oslrs.com\/terms-of-use\/"},"modified":"2022-01-23T23:15:58","modified_gmt":"2022-01-23T23:15:58","slug":"modalites-dutilisation","status":"publish","type":"page","link":"https:\/\/oslrs.com\/fr\/modalites-dutilisation\/","title":{"rendered":"Modalit\u00e9s D\u2019utilisation"},"content":{"rendered":"\n<div class=\"wp-block-getwid-section alignfull alignfull getwid-section-content-custom-width\"><div class=\"wp-block-getwid-section__wrapper getwid-padding-top-large getwid-padding-bottom-large getwid-padding-left-large getwid-padding-right-large\"><div class=\"wp-block-getwid-section__inner-wrapper\" style=\"max-width:1200px\"><div class=\"wp-block-getwid-section__background-holder\"><div class=\"wp-block-getwid-section__background\"><\/div><div class=\"wp-block-getwid-section__foreground\"><\/div><\/div><div class=\"wp-block-getwid-section__content\"><div class=\"wp-block-getwid-section__inner-content\">\n<h1 class=\"wp-block-heading\"><strong>MODALIT\u00c9S D\u2019UTILISATION<\/strong><\/h1>\n\n\n\n<p><strong>BIENVENUE<\/strong>&nbsp;<\/p>\n\n\n\n<p>Bienvenue sur le site Web d\u2019OSL Services de D\u00e9tails Inc. (le \u00absite Web\u00bb.) Ce site Web est construit sur une plate-forme logicielle de m\u00e9dias sociaux con\u00e7ue par&nbsp;OSL Services de D\u00e9tails Inc. qui relie les marques et les consommateurs. Veillez lire les conditions d\u2019utilisation suivantes (\u00abconditions d\u2019utilisation\u00bb)&nbsp;avant d\u2019utiliser le site Web. En acc\u00e9dant et en utilisant le site Web, vous acceptez d\u2019\u00eatre li\u00e9 par toutes ces conditions d\u2019utilisation. Si vous n\u2019\u00eates pas d\u2019accord avec ces conditions d\u2019utilisation, votre seul recours est de quitter ce site Web imm\u00e9diatement.<\/p>\n\n\n\n<p><strong>PROPRI\u00c9T\u00c9 \/ RESTRICTIONS D\u2019UTILISATION<\/strong><\/p>\n\n\n\n<p>Tout contenu, donn\u00e9es, graphiques, photographies, images, audio, vid\u00e9o, logiciels, marques de commerce, marques de service, noms commerciaux et autres informations dans ce site Web nous appartiennent en propri\u00e9t\u00e9 exclusive et ou \u00e0 nos conc\u00e9dant de licence tiers.&nbsp; Le contenu est prot\u00e9g\u00e9 par les lois canadiennes, am\u00e9ricaines et internationales sur le droit d\u2019auteur et les marques de commerce sauf indication contraire ci-dessous, vous ne pouvez pas modifier, copier, reproduire, publier, transmettre, distribuer, afficher, ex\u00e9cuter, cr\u00e9er des \u0153uvres d\u00e9riv\u00e9es \u00e0 partir de, transf\u00e9rer ou vendre tout contenu sans notre consentement \u00e9crit pr\u00e9alable expr\u00e8s.<\/p>\n\n\n\n<p>Vous pouvez t\u00e9l\u00e9charger, imprimer et reproduire le contenu \u00e0 vos propres fins personnelles, \u00e0 condition que vous acceptez de conserver tous les droits d\u2019auteur ou autres avis de propri\u00e9t\u00e9 contenus dans ce contenu et que vous citiez la source URL de ce contenu. La reproduction de plusieurs copies du contenu, en tout ou en partie, pour la revente ou la distribution est strictement interdite sauf avec notre autorisation \u00e9crite pr\u00e9alable. Pour obtenir un consentement \u00e9crit pour une telle reproduction, veuillez nous contacter \u00e0 notre courriel&nbsp;hrretail@oslrs.com.<\/p>\n\n\n\n<p><strong>INSCRIPTION ET MOTS DE PASSE<\/strong><\/p>\n\n\n\n<p>Pour acc\u00e9der \u00e0 certaines parties du site Web, y compris, sans s\u2019y limiter, pour t\u00e9l\u00e9charger et soumettre du contenu, il vous sera demand\u00e9 de vous inscrire et de cr\u00e9er un profil. Vous devez avoir au moins 13 ans pour utiliser ce site Web.<\/p>\n\n\n\n<p>En contrepartie de votre utilisation de ce site Web et des services qui y sont fournis, vous vous engagez \u00e0 fournir des informations vraies, actuelles, compl\u00e8tes et exactes, comme demand\u00e9 sur tout formulaire d\u2019inscription vers lequel ce site Web peut vous diriger, et \u00e0 mettre \u00e0 jour ces informations d\u2019inscription d\u00e8s que possible apr\u00e8s toute modification de ces informations.<\/p>\n\n\n\n<p>Dans le cadre du processus d\u2019inscription, vous choisirez un nom d\u2019utilisateur et un mot de passe. Vous \u00eates seul responsable de la confidentialit\u00e9 de ce mot de passe et vous \u00eates seul responsable de toutes les activit\u00e9s qui se produisent sur ce Web sous ce nom d\u2019utilisateur. Vous acceptez de nous informer imm\u00e9diatement de toute utilisation non autoris\u00e9e de votre nom d\u2019utilisateur ou de votre mot de passe ou de toute autre violation de la s\u00e9curit\u00e9 relative au site Web.<\/p>\n\n\n\n<p><strong>CODE DE CONDUITE<\/strong><\/p>\n\n\n\n<p>Comme condition de votre acc\u00e8s et utilisation continus de ce site Web, vous acceptez de vous conformer \u00e0 toutes les lois et r\u00e8glements f\u00e9d\u00e9rales, provinciales, territoriales, \u00e9tatiques et autres applicables. De plus, sans limiter ce qui pr\u00e9c\u00e8de, vous vous engagez \u00e0 ne pas&nbsp;:<\/p>\n\n\n\n<ol type=\"1\" class=\"is-style-styled wp-block-list\"><li>t\u00e9l\u00e9charger, publier, envoyer par courrier \u00e9lectronique ou autrement transmettre tout mat\u00e9riel qui:<\/li><li>constitue de la publicit\u00e9 non sollicit\u00e9e ou non autoris\u00e9e, du mat\u00e9riel promotionnel, du \u00abcourrier ind\u00e9sirable \u00bb, du \u00ab spam \u00bb, des \u00ab cha\u00eenes de lettres \u00bb, des \u00ab syst\u00e8mes pyramidaux \u00bb ou toute autre forme de sollicitation;<\/li><li>enfreint tout brevet, marque de commerce, secret commercial, droit d\u2019auteur ou autres droits de propri\u00e9t\u00e9 ou de confidentialit\u00e9 de toute partie;<\/li><li>est ill\u00e9gal, nuisible, mena\u00e7ant, abusif, harcelant, d\u00e9lictueux, diffamatoire, vulgaire, obsc\u00e8ne, envahissant la vie priv\u00e9e d\u2019autrui, haineux, racial, ethnique ou autrement r\u00e9pr\u00e9hensible ;<\/li><li>ou contient toute forme de logiciel destructeur tel qu\u2019un virus, un ver, un cheval de Troie ou tout autre composant nuisible ou tout autre fichier, programme ou code informatique con\u00e7u pour interrompre, d\u00e9truire ou limiter la fonctionnalit\u00e9 de tout de tout logiciel informatique, mat\u00e9riel ou \u00e9quipement de t\u00e9l\u00e9communications;<\/li><li>r\u00e9colter ou autrement collecter ou stocker des informations (y compris des informations personnellement identifiables) sur les autres utilisateurs du site Web, y compris les adresses courriel;<\/li><li>pour tromper autrui, cr\u00e9er une fausse identit\u00e9 de l\u2019exp\u00e9diteur ou l\u2019origine d\u2019un message, falsifier des en-t\u00eates ou manipuler d\u2019une autre mani\u00e8re des identifiants afin de dissimuler l\u2019origine de tout mat\u00e9riel transmis via le site Web;<\/li><li>usurper l\u2019identit\u00e9 d\u2019une personne ou d\u2019une entit\u00e9 ou d\u00e9clarer faussement ou d\u00e9naturer autrement votre affiliation avec une personne ou une entit\u00e9,<\/li><li>tent\u00e9 d\u2019obtenir un acc\u00e8s non autoris\u00e9 au site Web, \u00e0 d\u2019autres syst\u00e8mes informatiques ou r\u00e9seaux connect\u00e9s au site web, par l\u2019exploration de mots de passe ou tout autre moyen;<\/li><li>interf\u00e9rer avec ou perturber les r\u00e9seaux ou serveurs connect\u00e9s au site Web ou violer les r\u00e8glements politiques ou proc\u00e9dures de ces r\u00e9seaux et;<\/li><li>utiliser, t\u00e9l\u00e9charger ou autrement copier ou fournir \u00e0 toute personne ou entit\u00e9 tout r\u00e9pertoire d\u2019utilisateurs du site Web ou tout autre utilisateur ou information d\u2019utilisation ou toute partie de ceux-ci autrement que le contexte de votre utilisation du site Web.<\/li><\/ol>\n\n\n\n<p>La section Conduite de l\u2019utilisateur sera collectivement d\u00e9nomm\u00e9e \u00ab&nbsp;Code de conduite&nbsp;\u00bb.<\/p>\n\n\n\n<p><strong>PAGES INTERACTIVES, FORUMS, SOUMISSIONS D\u2019UTILISATEURS ET CESSION DE DROITS D\u2019AUTEUR<\/strong><\/p>\n\n\n\n<p>Nous pouvons de temps \u00e0 autre cr\u00e9er des pages, des forums de discussion, des babillards \u00e9lectroniques et d\u2019autres zones en ligne o\u00f9 les utilisateurs peuvent soumettre du contenu au site Web (collectivement les pages interactives) \u00e0 votre disposition, \u00e0 condition que, lors de la connexion et de l\u2019utilisation de ces pages interactives, vous restez le Code de conduite, les autres conditions des pr\u00e9sentes Conditions d\u2019utilisation et toute autre r\u00e8gle pouvant \u00eatre publi\u00e9e de temps \u00e0 autre.<\/p>\n\n\n\n<p>Nous ne sommes pas responsables du mat\u00e9riel publi\u00e9 sur ces pages interactives et n\u2019aurons aucune responsabilit\u00e9 li\u00e9e au contenu de ces communications, qu\u2019ils d\u00e9coulent ou non des lois du droit d\u2019auteur, de la diffamation, de la vie priv\u00e9e, de l\u2019obsc\u00e9nit\u00e9 ou autrement. Nous pouvons, sans y \u00eatre oblig\u00e9s, de surveiller ou d\u2019examiner l\u2019activit\u00e9 et le contenu de toute communication sur ces pages interactives. Nous r\u00e9servons le droit de mettre fin au privil\u00e8ge de tout utilisateur de publier sur une page interactive ou de participer \u00e0 d\u2019autres services du site Web, si ces utilisateurs violent ces conditions d\u2019utilisation et \/ ou le code de conduite.<\/p>\n\n\n\n<p>Sous r\u00e9serve des termes et conditions de notre d\u00e9claration de confidentialit\u00e9 du site Web et des autres conditions contenues dans les pr\u00e9sentes conditions d\u2019utilisation, en soumettant&nbsp; tout mat\u00e9riel au site Web, y compris tous les documents \u00e9crits, photographies, dessins et vid\u00e9os, vous nous accordez un monde entier, non exclusif, sans restriction, droit et licence libres de droits, perp\u00e9tuels, irr\u00e9vocables et cessibles d\u2019utiliser, de reproduire, de modifier, de publier, de cr\u00e9er des \u0153uvres d\u00e9riv\u00e9es, de traduire, de conc\u00e9der sous licence, d\u2019ex\u00e9cuter et d\u2019afficher publiquement le mat\u00e9riel (en tout ou en partie) et \/ ou de l\u2019int\u00e9grer dans d\u2019autres \u0153uvres sous toute forme, support ou technologie connus ou d\u00e9velopp\u00e9s ult\u00e9rieurement, sans votre approbation pr\u00e9alable et vous renoncez en outre \u00e0 tout \u00ab&nbsp;droit moral&nbsp;\u00bb que vous pourriez avoir sur le mat\u00e9riel. De plus, en soumettant le mat\u00e9riel au site Web, vous d\u00e9clarez et garantissez que vous poss\u00e9dez et contr\u00f4lez tous les droits sur le mat\u00e9riel et que avez le droit de nous accorder les droits mentionn\u00e9s.&nbsp;Nous ne sommes pas responsables du contenu de toute soumission au site Web. Les soumissions repr\u00e9sentent les points de vue et les opinions des personnes qui les soumettent.<\/p>\n\n\n\n<p>Vous reconnaissez que nous pouvons \u00e9tablir des pratiques g\u00e9n\u00e9rales et des limites concernant l\u2019utilisation du site Web, y compris, sans limitation, le nombre maximal de jours pendant lesquels les messages \u00e9lectroniques, les messages affich\u00e9s sur le babillard \u00e9lectronique ou tout autre contenu t\u00e9l\u00e9charg\u00e9 seront conserv\u00e9s sur le site Web. Voua acceptez que nous n\u2019ayons aucune responsabilit\u00e9 ou obligation pour la suppression ou le d\u00e9faut de stocker des messages et autres communications ou autre contenu maintenu ou transmis par le site Web.<\/p>\n\n\n\n<p><strong>BADGES DE MARQUE<\/strong><\/p>\n\n\n\n<p>Vous pouvez avoir la possibilit\u00e9 de diffuser des badges de marque sur divers sites de r\u00e9seaux sociaux (par exemple Facebook, My Space.) Une fois que vous avez accept\u00e9 un badge de marque sur le site Web et que vous avez envoy\u00e9 les badges \u00e0 un site Web, de r\u00e9seau social, les badges ne peuvent pas \u00eatre rappel\u00e9s \u00e0 partir de ce site Web. Ils resteront accessibles aux autres utilisateurs du site Web, de r\u00e9seau social jusqu\u2019\u00e0 ce que vous les supprimiez directement via le site Web du r\u00e9seau social auquel vous avez envoy\u00e9 le badge.<\/p>\n\n\n\n<p><strong>INDEMNIT\u00c9<\/strong><\/p>\n\n\n\n<p>Vous acceptez de nous indemniser et de nous tenir ainsi que nos employ\u00e9s, agents et conc\u00e9dant de licence indemnes et contre toutes pertes, d\u00e9penses, dommages, r\u00e9clamations, amendes, p\u00e9nalit\u00e9s, frais et responsabilit\u00e9s (y compris les frais juridiques et comptables raisonnables), r\u00e9sultant de: a) tout contenu que vous (ou toute personne agissant sous un mot de passe ou un nom d\u2019utilisateur qui peut vous \u00eatre d\u00e9livr\u00e9) soumettez, affichez, transmettez ou rendez disponible sur le site Web et \/ ou b) votre (ou toute personne agissant sous u mot de passe ou un nom d\u2019utilisateur qui peut vous \u00eatre d\u00e9livr\u00e9) utilisation de ce site Web, connexion \u00e0 celui-ci, ou toute violation all\u00e9gu\u00e9e par vous de ces conditions d\u2019utilisation.<\/p>\n\n\n\n<p><strong>LIEN<\/strong><\/p>\n\n\n\n<p>Le site Web peut vous offrir des liens vers d\u2019autres sites sur Internet qui sont d\u00e9tenus et exploit\u00e9s par des tiers, et donc pas affil\u00e9s avec nous. Veuillez comprendre que ces sites Web li\u00e9s sont ind\u00e9pendants du site Web et que nous n\u2019avons aucun contr\u00f4le sur le contenu de ces sites Web. Par cons\u00e9quent, nous ne pouvons \u00eatre tenus responsables et ne faisons aucune garantie ou repr\u00e9sentation quelle qu\u2019elle soit quant \u00e0 l\u2019exactitude, l\u2019actualit\u00e9 et \/ ou l\u2019exhaustivit\u00e9 des informations contenues sur ces sites Web. Les liens que nous pourrions placer sur notre site Web., n\u2019impliquent pas que nous parrainons, approuvons ou sommes affili\u00e9s ou associ\u00e9s \u00e0, ou ont \u00e9t\u00e9 l\u00e9galement autoris\u00e9s \u00e0 utiliser toute marque de commerce, nom commercial, marque de service, design, logo, symbole ou autre droit d\u2019auteur les documents affich\u00e9s ou accessibles sur ces sites. Nous appr\u00e9cions tout commentaire que vous pourriez avoir concernant les liens externes que nous avons plac\u00e9s sur notre site Web.<\/p>\n\n\n\n<p><strong>D\u00c9NI DE RESPONSABILIT\u00c9 \/ LIMITATION DE RESPONSABILIT\u00c9<\/strong><\/p>\n\n\n\n<p>Bien que nous nous efforcions de mettre \u00e0 jour et de maintenir le contenu du site Web aussi pr\u00e9cis que possible, des erreurs et \/ ou omissions peuvent survenir.<\/p>\n\n\n\n<p>PAR CONS\u00c9QUENT, CE SITE, Y COMPRIS LE CONTENU ET LES SERVICES FOURNIS PAR LES PR\u00c9SENTES, EST FOURNI \u00ab TEL QUEL \u00bb ET SANS GARANTIE D\u2019AUCUNE SORTE, EXPRESSE OU IMPLICITE. NOUS D\u00c9CLINONS TOUTES LES GARANTIES, EXPRESSES OU IMPLICITES, Y COMPRIS, MAIS SANS S\u2019Y LIMITER, LES GARANTIES ET LES CONDITIONS IMPLICITES DE QUALIT\u00c9 MARCHANDE, D\u2019AD\u00c9QUATION \u00c0 UN USAGE PARTICULIER ET DE NON-CONTREFA\u00c7ON. NOUS NE GARANTISSONS PAS QUE LES FONCTIONS DU SITE SOIENT ININTERROMPUES, SANS ERREUR OU SANS VIRUS OU AUTRES COMPOSANTS NOCIFS.<\/p>\n\n\n\n<p>EN AUCUN CAS, NOUS NE SERONS TENUS RESPONSABLES DES DOMMAGES DIRECTS, INDIRECTS, ACCIDENTELS, SP\u00c9CIAUX OU CONS\u00c9CUTIFS R\u00c9SULTANT DE OU EN LIEN AVEC L\u2019UTILISATION OU L\u2019IMPOSSIBILIT\u00c9 D\u2019UTILISER LE SITE WEB OU TOUT CONTENU OU SERVICES, M\u00caME SI NOUS AVONS \u00c9T\u00c9 CONSEILL\u00c9 DE LA POSSIBILIT\u00c9 DE TELS DOMMAGES. LA LOI APPLICABLE PEUT NE PAS PERMETTRE LA LIMITATION OU L\u2019EXCLUSION DE RESPONSABILIT\u00c9 POUR LES DOMMAGES ACCESSOIRES OU CONS\u00c9CUTIFS, DONC LA LIMITATION OU L\u2019EXCLUSION CI-DESSUS PEUT NE PAS S\u2019APPLIQUER \u00c0 VOUS.<\/p>\n\n\n\n<p><strong>CONFIDENTIALIT\u00c9<\/strong><\/p>\n\n\n\n<p>Nous respectons votre droit \u00e0 la confidentialit\u00e9 de vos informations personnelles. Veuillez consulter notre d\u00e9claration de confidentialit\u00e9 du site Web pour plus de d\u00e9tails sur la mani\u00e8re dont nous collectons, utilisons, divulguons et g\u00e9rons autrement vos informations personnelles.<\/p>\n\n\n\n<p><strong>MODIFICATIONS ET R\u00c9ALISATION<\/strong><\/p>\n\n\n\n<p>Nous nous r\u00e9servons le droit \u00e0 tout moment et de temps \u00e0 autre de modifier ou d\u2019interrompre,<\/p>\n\n\n\n<p>Temporairement ou d\u00e9finitivement, le site Web (ou toute partie de celui-ci) avec ou sans pr\u00e9avis. De plus, nous nous r\u00e9servons le droit de modifier ces conditions d\u2019utilisation \u00e0 tout moment et de vous en informer en publiant une version mise \u00e0 jour des conditions d\u2019utilisation sur ce site Web. Vous \u00eates responsable de consulter r\u00e9guli\u00e8rement les conditions d\u2019utilisation, y compris, sans s\u2019y limiter, en v\u00e9rifiant la date de \u00ab Derni\u00e8re mise \u00e0 jour \u00bb au bas de ce document. La poursuite de l\u2019utilisation du site Web apr\u00e8s de tels changements constituera votre consentement \u00e0 \u00eatre li\u00e9 par tels changements, la fourniture continue de l\u2019utilisation du site Web constituant une contrepartie de notre part \u00e0 vous pour \u00eatre li\u00e9. Votre seul droit en ce qui concerne toute insatisfaction \u00e0 l\u2019\u00e9gard (1) des pr\u00e9sentes conditions d\u2019utilisation (2) de notre politique ou de nos pratiques d\u2019exploitation du site Web ou (3) de tout contenu disponible sur le site Web, est de cesser de visiter et d\u2019utiliser le site Web.<\/p>\n\n\n\n<p><strong>MARQUES DE COMMERCE<\/strong><\/p>\n\n\n\n<p>Toutes les marques de commerce apparaissant sur le site Web sont la propri\u00e9t\u00e9 de leurs propri\u00e9taires respectifs. Nos marques de commerce et nos marques commerciales ne peuvent \u00eatre utilis\u00e9es de quelque mani\u00e8re que ce soit \u00e0 quelque fin que ce soit sans notre consentement \u00e9crit expr\u00e8s.<\/p>\n\n\n\n<p><strong>LOIS APPLICABLES<\/strong><\/p>\n\n\n\n<p>Les pr\u00e9sentes conditions d\u2019utilisation sont r\u00e9gies et interpr\u00e9t\u00e9es conform\u00e9ment aux lois en vigueur dans la province de l\u2019Ontario, au Canada et tout diff\u00e9rend doit \u00eatre soumis aux tribunaux applicables pour statuer sur ces questions. Si une disposition des pr\u00e9sentes conditions d\u2019utilisation est ill\u00e9gale, nulle ou inapplicable pour une raison quelconque, alors cette disposition doit \u00eatre dissoci\u00e9e des pr\u00e9sentes conditions d\u2019utilisation et n\u2019affecte pas la validit\u00e9 et l\u2019applicabilit\u00e9 des dispositions restantes. Ces conditions d\u2019utilisation et tous les autres avis ou d\u00e9clarations juridiques publi\u00e9s sur le site Web constituent l\u2019int\u00e9gralit\u00e9 de l\u2019accord entre nous et vous en ce qui concerne l\u2019utilisation du site Web, y compris le contenu.<\/p>\n\n\n\n<p><strong>AVIS<\/strong><\/p>\n\n\n\n<p>Des avis peuvent \u00eatre adress\u00e9s par courriel ou en cas de modification de ces conditions d\u2019utilisation ou des services offerts par le site Web, en affichant des avis ou des liens vers ces avis sur le site Web lui-m\u00eame. Si vous avez des questions ou des commentaires concernant ces conditions d\u2019utilisation, veuillez nous contacter \u00e0&nbsp;<a href=\"mailto:hrretail@oslrs.com\">hrretail@oslrs.com<\/a>&nbsp;<\/p>\n\n\n\n<p><em>Derni\u00e8re mise \u00e0 jour le 11 ao\u00fbt 2017.<\/em><\/p>\n<\/div><\/div><\/div><\/div><\/div>\n","protected":false},"excerpt":{"rendered":"","protected":false},"author":3,"featured_media":0,"parent":0,"menu_order":12,"comment_status":"closed","ping_status":"closed","template":"","meta":{"inline_featured_image":false,"ghostkit_customizer_options":"","ghostkit_custom_css":"","ghostkit_custom_js_head":"","ghostkit_custom_js_foot":"","ghostkit_typography":"","footnotes":"","_wp_rev_ctl_limit":""},"class_list":["entry","page","publish","author-oslrsdomain","post-85429"],"yoast_head":"<!-- This site is optimized with the Yoast SEO plugin v27.3 - https:\/\/yoast.com\/product\/yoast-seo-wordpress\/ -->\n<title>Modalit\u00e9s D\u2019utilisation - OSL RS<\/title>\n<meta name=\"robots\" content=\"index, follow, max-snippet:-1, max-image-preview:large, max-video-preview:-1\" \/>\n<link rel=\"canonical\" href=\"https:\/\/oslrs.com\/fr\/modalites-dutilisation\/\" \/>\n<meta property=\"og:locale\" content=\"fr_FR\" \/>\n<meta property=\"og:type\" content=\"article\" \/>\n<meta property=\"og:title\" content=\"Modalit\u00e9s D\u2019utilisation - OSL RS\" \/>\n<meta property=\"og:url\" content=\"https:\/\/oslrs.com\/fr\/modalites-dutilisation\/\" \/>\n<meta property=\"og:site_name\" content=\"OSL RS\" \/>\n<meta property=\"article:publisher\" content=\"https:\/\/www.facebook.com\/OSLRS\/\" \/>\n<meta property=\"article:modified_time\" content=\"2022-01-23T23:15:58+00:00\" \/>\n<meta name=\"twitter:card\" content=\"summary_large_image\" \/>\n<meta name=\"twitter:site\" content=\"@oslretail\" \/>\n<meta name=\"twitter:label1\" content=\"Dur\u00e9e de lecture estim\u00e9e\" \/>\n\t<meta name=\"twitter:data1\" content=\"11 minutes\" \/>\n<script type=\"application\/ld+json\" class=\"yoast-schema-graph\">{\"@context\":\"https:\\\/\\\/schema.org\",\"@graph\":[{\"@type\":\"WebPage\",\"@id\":\"https:\\\/\\\/oslrs.com\\\/fr\\\/modalites-dutilisation\\\/\",\"url\":\"https:\\\/\\\/oslrs.com\\\/fr\\\/modalites-dutilisation\\\/\",\"name\":\"Modalit\u00e9s D\u2019utilisation - OSL RS\",\"isPartOf\":{\"@id\":\"https:\\\/\\\/oslrs.com\\\/fr\\\/#website\"},\"datePublished\":\"2021-12-16T00:44:06+00:00\",\"dateModified\":\"2022-01-23T23:15:58+00:00\",\"breadcrumb\":{\"@id\":\"https:\\\/\\\/oslrs.com\\\/fr\\\/modalites-dutilisation\\\/#breadcrumb\"},\"inLanguage\":\"fr-FR\",\"potentialAction\":[{\"@type\":\"ReadAction\",\"target\":[\"https:\\\/\\\/oslrs.com\\\/fr\\\/modalites-dutilisation\\\/\"]}]},{\"@type\":\"BreadcrumbList\",\"@id\":\"https:\\\/\\\/oslrs.com\\\/fr\\\/modalites-dutilisation\\\/#breadcrumb\",\"itemListElement\":[{\"@type\":\"ListItem\",\"position\":1,\"name\":\"Home\",\"item\":\"https:\\\/\\\/oslrs.com\\\/fr\\\/\"},{\"@type\":\"ListItem\",\"position\":2,\"name\":\"Modalit\u00e9s D\u2019utilisation\"}]},{\"@type\":\"WebSite\",\"@id\":\"https:\\\/\\\/oslrs.com\\\/fr\\\/#website\",\"url\":\"https:\\\/\\\/oslrs.com\\\/fr\\\/\",\"name\":\"OSL RS\",\"description\":\"\",\"publisher\":{\"@id\":\"https:\\\/\\\/oslrs.com\\\/fr\\\/#organization\"},\"potentialAction\":[{\"@type\":\"SearchAction\",\"target\":{\"@type\":\"EntryPoint\",\"urlTemplate\":\"https:\\\/\\\/oslrs.com\\\/fr\\\/?s={search_term_string}\"},\"query-input\":{\"@type\":\"PropertyValueSpecification\",\"valueRequired\":true,\"valueName\":\"search_term_string\"}}],\"inLanguage\":\"fr-FR\"},{\"@type\":\"Organization\",\"@id\":\"https:\\\/\\\/oslrs.com\\\/fr\\\/#organization\",\"name\":\"OSL Retail Services Inc.\",\"url\":\"https:\\\/\\\/oslrs.com\\\/fr\\\/\",\"logo\":{\"@type\":\"ImageObject\",\"inLanguage\":\"fr-FR\",\"@id\":\"https:\\\/\\\/oslrs.com\\\/fr\\\/#\\\/schema\\\/logo\\\/image\\\/\",\"url\":\"https:\\\/\\\/oslrs.com\\\/wp-content\\\/uploads\\\/2021\\\/11\\\/OSL-Logo-fav.jpg\",\"contentUrl\":\"https:\\\/\\\/oslrs.com\\\/wp-content\\\/uploads\\\/2021\\\/11\\\/OSL-Logo-fav.jpg\",\"width\":512,\"height\":512,\"caption\":\"OSL Retail Services Inc.\"},\"image\":{\"@id\":\"https:\\\/\\\/oslrs.com\\\/fr\\\/#\\\/schema\\\/logo\\\/image\\\/\"},\"sameAs\":[\"https:\\\/\\\/www.facebook.com\\\/OSLRS\\\/\",\"https:\\\/\\\/x.com\\\/oslretail\",\"https:\\\/\\\/www.instagram.com\\\/oslrs\\\/\",\"https:\\\/\\\/www.linkedin.com\\\/company\\\/oslrs\\\/\",\"https:\\\/\\\/www.youtube.com\\\/channel\\\/UCZcT_WdO8LhXKKbk9IoyEGw\"]}]}<\/script>\n<!-- \/ Yoast SEO plugin. -->","yoast_head_json":{"title":"Modalit\u00e9s D\u2019utilisation - OSL RS","robots":{"index":"index","follow":"follow","max-snippet":"max-snippet:-1","max-image-preview":"max-image-preview:large","max-video-preview":"max-video-preview:-1"},"canonical":"https:\/\/oslrs.com\/fr\/modalites-dutilisation\/","og_locale":"fr_FR","og_type":"article","og_title":"Modalit\u00e9s D\u2019utilisation - OSL RS","og_url":"https:\/\/oslrs.com\/fr\/modalites-dutilisation\/","og_site_name":"OSL RS","article_publisher":"https:\/\/www.facebook.com\/OSLRS\/","article_modified_time":"2022-01-23T23:15:58+00:00","twitter_card":"summary_large_image","twitter_site":"@oslretail","twitter_misc":{"Dur\u00e9e de lecture estim\u00e9e":"11 minutes"},"schema":{"@context":"https:\/\/schema.org","@graph":[{"@type":"WebPage","@id":"https:\/\/oslrs.com\/fr\/modalites-dutilisation\/","url":"https:\/\/oslrs.com\/fr\/modalites-dutilisation\/","name":"Modalit\u00e9s D\u2019utilisation - OSL RS","isPartOf":{"@id":"https:\/\/oslrs.com\/fr\/#website"},"datePublished":"2021-12-16T00:44:06+00:00","dateModified":"2022-01-23T23:15:58+00:00","breadcrumb":{"@id":"https:\/\/oslrs.com\/fr\/modalites-dutilisation\/#breadcrumb"},"inLanguage":"fr-FR","potentialAction":[{"@type":"ReadAction","target":["https:\/\/oslrs.com\/fr\/modalites-dutilisation\/"]}]},{"@type":"BreadcrumbList","@id":"https:\/\/oslrs.com\/fr\/modalites-dutilisation\/#breadcrumb","itemListElement":[{"@type":"ListItem","position":1,"name":"Home","item":"https:\/\/oslrs.com\/fr\/"},{"@type":"ListItem","position":2,"name":"Modalit\u00e9s D\u2019utilisation"}]},{"@type":"WebSite","@id":"https:\/\/oslrs.com\/fr\/#website","url":"https:\/\/oslrs.com\/fr\/","name":"OSL RS","description":"","publisher":{"@id":"https:\/\/oslrs.com\/fr\/#organization"},"potentialAction":[{"@type":"SearchAction","target":{"@type":"EntryPoint","urlTemplate":"https:\/\/oslrs.com\/fr\/?s={search_term_string}"},"query-input":{"@type":"PropertyValueSpecification","valueRequired":true,"valueName":"search_term_string"}}],"inLanguage":"fr-FR"},{"@type":"Organization","@id":"https:\/\/oslrs.com\/fr\/#organization","name":"OSL Retail Services Inc.","url":"https:\/\/oslrs.com\/fr\/","logo":{"@type":"ImageObject","inLanguage":"fr-FR","@id":"https:\/\/oslrs.com\/fr\/#\/schema\/logo\/image\/","url":"https:\/\/oslrs.com\/wp-content\/uploads\/2021\/11\/OSL-Logo-fav.jpg","contentUrl":"https:\/\/oslrs.com\/wp-content\/uploads\/2021\/11\/OSL-Logo-fav.jpg","width":512,"height":512,"caption":"OSL Retail Services Inc."},"image":{"@id":"https:\/\/oslrs.com\/fr\/#\/schema\/logo\/image\/"},"sameAs":["https:\/\/www.facebook.com\/OSLRS\/","https:\/\/x.com\/oslretail","https:\/\/www.instagram.com\/oslrs\/","https:\/\/www.linkedin.com\/company\/oslrs\/","https:\/\/www.youtube.com\/channel\/UCZcT_WdO8LhXKKbk9IoyEGw"]}]}},"_links":{"self":[{"href":"https:\/\/oslrs.com\/fr\/wp-json\/wp\/v2\/pages\/85429","targetHints":{"allow":["GET"]}}],"collection":[{"href":"https:\/\/oslrs.com\/fr\/wp-json\/wp\/v2\/pages"}],"about":[{"href":"https:\/\/oslrs.com\/fr\/wp-json\/wp\/v2\/types\/page"}],"author":[{"embeddable":true,"href":"https:\/\/oslrs.com\/fr\/wp-json\/wp\/v2\/users\/3"}],"replies":[{"embeddable":true,"href":"https:\/\/oslrs.com\/fr\/wp-json\/wp\/v2\/comments?post=85429"}],"version-history":[{"count":0,"href":"https:\/\/oslrs.com\/fr\/wp-json\/wp\/v2\/pages\/85429\/revisions"}],"wp:attachment":[{"href":"https:\/\/oslrs.com\/fr\/wp-json\/wp\/v2\/media?parent=85429"}],"curies":[{"name":"wp","href":"https:\/\/api.w.org\/{rel}","templated":true}]}}